{"id":2101,"date":"2024-02-06T16:07:14","date_gmt":"2024-02-06T16:07:14","guid":{"rendered":"https:\/\/piscines-ppp.com\/?page_id=2101"},"modified":"2026-03-23T18:47:40","modified_gmt":"2026-03-23T18:47:40","slug":"mentions-legales","status":"publish","type":"page","link":"https:\/\/piscines-ppp.com\/de\/mentions-legales\/","title":{"rendered":"Rechtliche Hinweise"},"content":{"rendered":"<div data-elementor-type=\"wp-page\" data-elementor-id=\"2101\" class=\"elementor elementor-2101\" data-elementor-post-type=\"page\">\n\t\t\t\t<div class=\"elementor-element elementor-element-6c01bd54 e-flex e-con-boxed wpr-particle-no wpr-jarallax-no wpr-parallax-no wpr-sticky-section-no e-con e-parent\" data-id=\"6c01bd54\" data-element_type=\"container\" data-e-type=\"container\">\n\t\t\t\t\t<div class=\"e-con-inner\">\n\t\t\t\t<div class=\"elementor-element elementor-element-d2cf635 elementor-widget elementor-widget-heading\" data-id=\"d2cf635\" data-element_type=\"widget\" data-e-type=\"widget\" data-widget_type=\"heading.default\">\n\t\t\t\t<div class=\"elementor-widget-container\">\n\t\t\t\t\t<h2 class=\"elementor-heading-title elementor-size-default\">Rechtliche Hinweise und Datenschutzrichtlinie<\/h2>\t\t\t\t<\/div>\n\t\t\t\t<\/div>\n\t\t\t\t<div class=\"elementor-element elementor-element-6f33bd3b elementor-widget elementor-widget-text-editor\" data-id=\"6f33bd3b\" data-element_type=\"widget\" data-e-type=\"widget\" data-widget_type=\"text-editor.default\">\n\t\t\t\t<div class=\"elementor-widget-container\">\n\t\t\t\t\t\t\t\t\t\n<pre class=\"wp-block-code\"><code>  Definitionen\n\nKunde: Jeder Gewerbetreibende oder jede nat\u00fcrliche Person, die im Sinne der Artikel 1123 ff. des Zivilgesetzbuches gesch\u00e4ftsf\u00e4hig ist, oder jede juristische Person, die die Website besucht, die Gegenstand der vorliegenden Allgemeinen Gesch\u00e4ftsbedingungen ist.\nLeistungen und Dienste: https:\/\/piscines-ppp.com stellt den Kunden zur Verf\u00fcgung:\n\nInhalt: Die Gesamtheit der Elemente, aus denen die Informationen auf der Website bestehen, insbesondere Texte - Bilder - Videos.\n\nKundeninformationen: Im Folgenden als \"Information(en)\" bezeichnet, die der Gesamtheit der pers\u00f6nlichen Daten entsprechen, die https:\/\/piscines-ppp.com zur Verwaltung Ihres Kontos, zur Verwaltung der Kundenbeziehung und zu Analyse- und Statistikzwecken speichern kann.\n\nNutzer: Internetnutzer, der sich einloggt und die oben genannte Website nutzt.\n\nPers\u00f6nliche Informationen: \"Informationen, die in jedweder Form, direkt oder indirekt, die Identifizierung der nat\u00fcrlichen Personen erm\u00f6glichen, auf die sie sich beziehen\" (Artikel 4 des Gesetzes Nr. 78-17 vom 6. Januar 1978).\n\nDie Begriffe \"personenbezogene Daten\", \"betroffene Person\", \"Unterverarbeiter\" und \"sensible Daten\" haben die in der Allgemeinen Datenschutzverordnung (RGPD: Nr. 2016-679) festgelegte Bedeutung.\n\n1. Vorstellung der Website.\n\nGem\u00e4\u00df Artikel 6 des Gesetzes Nr. 2004-575 vom 21. Juni 2004 \u00fcber das Vertrauen in die digitale Wirtschaft wird den Nutzern der Website https:\/\/piscines-ppp.com die Identit\u00e4t der verschiedenen Akteure im Rahmen der Erstellung und Betreuung der Website mitgeteilt:\n\nEigent\u00fcmer: SASU U4PPPP Stammkapital von 500.000\u20ac Umsatzsteuer-Identifikationsnummer: FR69478194111 - LIEU DIT ROTSTUDEN 67320 67320 WEYER.\nVerantwortlich f\u00fcr die Ver\u00f6ffentlichung: Jean Leonard - j.leonard@piscines-ppp.com\nDer Verantwortliche f\u00fcr die Ver\u00f6ffentlichung ist eine nat\u00fcrliche Person oder eine juristische Person.\nWebmaster : Jean Leoard - j.leonard@piscines-ppp.com\nWebhoster: Hostinger - 143 Rue Emile Julien, 34070 Montpellier 08 92 97 70 93.\nDatenschutzbeauftragter : Jean Leonard - j.leonard@piscines-ppp.com\n\nDas Impressum stammt aus der Vorlage, die der kostenlose Generator f\u00fcr das Impressum einer Website anbietet.\n\n2. Allgemeine Gesch\u00e4ftsbedingungen f\u00fcr die Nutzung der Website und der angebotenen Dienste.\n\nDie Website stellt ein geistiges Werk dar, das durch die Bestimmungen des Gesetzes \u00fcber geistiges Eigentum und die anwendbaren internationalen Regelungen gesch\u00fctzt ist. Der Kunde darf die Elemente oder Werke der Website weder ganz noch teilweise wiederverwenden, abtreten oder auf eigene Rechnung verwerten.\n\nDie Nutzung der Website https:\/\/piscines-ppp.com setzt die vollst\u00e4ndige und uneingeschr\u00e4nkte Annahme der nachstehend beschriebenen allgemeinen Nutzungsbedingungen voraus. Diese Nutzungsbedingungen k\u00f6nnen jederzeit ge\u00e4ndert oder erg\u00e4nzt werden. Die Nutzer der Website https:\/\/piscines-ppp.com werden daher gebeten, sie regelm\u00e4\u00dfig zu konsultieren.\n\nDiese Website ist normalerweise jederzeit f\u00fcr die Nutzer zug\u00e4nglich. Eine Unterbrechung aufgrund technischer Wartungsarbeiten kann jedoch von https:\/\/piscines-ppp.com beschlossen werden, die sich dann bem\u00fcht, den Nutzern vorab die Daten und Uhrzeiten der Intervention mitzuteilen. Die Website https:\/\/piscines-ppp.com wird regelm\u00e4\u00dfig von https:\/\/piscines-ppp.com responsable aktualisiert. Ebenso k\u00f6nnen die rechtlichen Hinweise jederzeit ge\u00e4ndert werden: Sie sind dennoch f\u00fcr den Nutzer verbindlich, der aufgefordert wird, sie so oft wie m\u00f6glich zur Kenntnis zu nehmen.\n\n3. Beschreibung der erbrachten Dienstleistungen.\n\nDie Website https:\/\/piscines-ppp.com dient der Bereitstellung von Informationen \u00fcber alle Aktivit\u00e4ten des Unternehmens. https:\/\/piscines-ppp.com bem\u00fcht sich, auf der Website https:\/\/piscines-ppp.com so genaue Informationen wie m\u00f6glich bereitzustellen. Er kann jedoch nicht f\u00fcr Auslassungen, Ungenauigkeiten und M\u00e4ngel in der Aktualisierung haftbar gemacht werden, die er selbst oder dritte Partner, die ihm diese Informationen zur Verf\u00fcgung stellen, verursacht haben.\n\nAlle auf der Website https:\/\/piscines-ppp.com angegebenen Informationen sind unverbindlich und k\u00f6nnen sich \u00e4ndern. Dar\u00fcber hinaus sind die Informationen auf der Website https:\/\/piscines-ppp.com nicht ersch\u00f6pfend. Sie werden vorbehaltlich der seit ihrer Ver\u00f6ffentlichung vorgenommenen \u00c4nderungen gegeben.\n\n4. Vertragliche Beschr\u00e4nkungen der technischen Daten\n\nDie Website verwendet die JavaScript-Technologie. Die Website kann nicht f\u00fcr materielle Sch\u00e4den im Zusammenhang mit der Nutzung der Website haftbar gemacht werden. Au\u00dferdem verpflichtet sich der Nutzer der Website, auf die Website mit einer aktuellen Hardware zuzugreifen, die keine Viren enth\u00e4lt und einen Browser der neuesten Generation verwendet, der auf dem neuesten Stand ist Die Website https:\/\/piscines-ppp.com wird bei einem Anbieter auf dem Gebiet der Europ\u00e4ischen Union gem\u00e4\u00df den Bestimmungen der Allgemeinen Datenschutzverordnung (DSGVO: Nr. 2016-679) gehostet.\n\nZiel ist es, eine Leistung zu erbringen, die die beste Erreichbarkeit gew\u00e4hrleistet. Der Hosting-Anbieter gew\u00e4hrleistet die Kontinuit\u00e4t seines Dienstes rund um die Uhr an allen Tagen des Jahres. Er beh\u00e4lt sich jedoch die M\u00f6glichkeit vor, den Hosting-Dienst f\u00fcr m\u00f6glichst kurze Zeitr\u00e4ume zu unterbrechen, insbesondere zu Wartungszwecken, zur Verbesserung seiner Infrastruktur, bei Ausfall seiner Infrastruktur oder wenn die Leistungen und Dienste ein als anormal geltendes Verkehrsaufkommen erzeugen.\n\nhttps:\/\/piscines-ppp.com und der Hostinganbieter k\u00f6nnen nicht haftbar gemacht werden, wenn St\u00f6rungen des Internetnetzes, der Telefonleitungen oder der Computer- und Telefonieausr\u00fcstung auftreten, die insbesondere mit der \u00dcberlastung des Netzes zusammenh\u00e4ngen und den Zugang zum Server verhindern.\n\n5. Geistiges Eigentum und F\u00e4lschungen.\n\nhttps:\/\/piscines-ppp.com ist Eigent\u00fcmer der Rechte am geistigen Eigentum und besitzt die Nutzungsrechte an allen auf der Website zug\u00e4nglichen Elementen, insbesondere an Texten, Bildern, Grafiken, Logos, Videos, Icons und T\u00f6nen. Jegliche Reproduktion, Darstellung, \u00c4nderung, Ver\u00f6ffentlichung und Anpassung aller oder eines Teils der Elemente der Website, unabh\u00e4ngig von den verwendeten Mitteln oder Verfahren, ist untersagt, es sei denn, es liegt eine vorherige schriftliche Genehmigung von: https:\/\/piscines-ppp.com vor.\n\nJede nicht genehmigte Nutzung der Website oder eines ihrer Elemente wird als F\u00e4lschung angesehen und gem\u00e4\u00df den Bestimmungen der Artikel L.335-2 ff. des franz\u00f6sischen Gesetzbuchs \u00fcber geistiges Eigentum (Code de Propri\u00e9t\u00e9 Intellectuelle) verfolgt.\n\n6. Haftungsbeschr\u00e4nkungen.\n\nhttps:\/\/piscines-ppp.com handelt als Herausgeber der Website. https:\/\/piscines-ppp.com ist f\u00fcr die Qualit\u00e4t und den Wahrheitsgehalt der von ihm ver\u00f6ffentlichten Inhalte verantwortlich.\n\nhttps:\/\/piscines-ppp.com haftet nicht f\u00fcr direkte und indirekte Sch\u00e4den an der Hardware des Nutzers beim Zugriff auf die Website https:\/\/piscines-ppp.com, die entweder durch die Verwendung einer Hardware, die nicht den in Punkt 4 angegebenen Spezifikationen entspricht, oder durch das Auftreten eines Bugs oder einer Inkompatibilit\u00e4t verursacht werden.\n\nhttps:\/\/piscines-ppp.com haftet auch nicht f\u00fcr indirekte Sch\u00e4den (wie z. B. Marktverlust oder Verlust einer Chance), die sich aus der Nutzung der Website https:\/\/piscines-ppp.com ergeben. Interaktive Bereiche (M\u00f6glichkeit, Fragen im Kontaktbereich zu stellen) stehen den Nutzern zur Verf\u00fcgung. https:\/\/piscines-ppp.com beh\u00e4lt sich das Recht vor, ohne vorherige Ank\u00fcndigung alle in diesem Bereich abgelegten Inhalte zu l\u00f6schen, die gegen die in Frankreich geltenden Gesetze und insbesondere gegen die Bestimmungen zum Datenschutz versto\u00dfen. Gegebenenfalls beh\u00e4lt sich https:\/\/piscines-ppp.com auch die M\u00f6glichkeit vor, den Nutzer zivil- und\/oder strafrechtlich haftbar zu machen, insbesondere bei rassistischen, beleidigenden, diffamierenden oder pornografischen Mitteilungen, unabh\u00e4ngig von den verwendeten Medien (Text, Fotografie ...).\n\n7. Umgang mit pers\u00f6nlichen Daten.\n\nDer Kunde wird \u00fcber die Vorschriften zur Marketingkommunikation, das Gesetz vom 21. Juni 2014 \u00fcber das Vertrauen in die digitale Wirtschaft, das Gesetz \u00fcber Informatik und Freiheit vom 6. August 2004 sowie die Allgemeine Datenschutzverordnung (RGPD: Nr. 2016-679) informiert.\n\n7.1 Verantwortliche f\u00fcr die Erhebung personenbezogener Daten\nF\u00fcr die personenbezogenen Daten, die im Rahmen der Erstellung des pers\u00f6nlichen Kontos des Nutzers und seiner Navigation auf der Website gesammelt werden, ist der Verantwortliche f\u00fcr die Verarbeitung der personenbezogenen Daten: U4PPP. https:\/\/piscines-ppp.comest vertreten durch Jean Leonard, seinen gesetzlichen Vertreter.\n\nAls Verantwortlicher f\u00fcr die Verarbeitung der von ihm gesammelten Daten verpflichtet sich https:\/\/piscines-ppp.com, den Rahmen der geltenden gesetzlichen Bestimmungen einzuhalten. Insbesondere obliegt es dem Kunden, die Zwecke seiner Datenverarbeitung festzulegen, seinen Interessenten und Kunden ab der Einholung ihrer Einwilligungen vollst\u00e4ndige Informationen \u00fcber die Verarbeitung ihrer personenbezogenen Daten zu geben und ein Register der Datenverarbeitung zu f\u00fchren, das den tats\u00e4chlichen Gegebenheiten entspricht. Wann immer https:\/\/piscines-ppp.com Pers\u00f6nliche Daten verarbeitet, unternimmt https:\/\/piscines-ppp.com alle angemessenen Schritte, um sicherzustellen, dass die Pers\u00f6nlichen Daten korrekt und f\u00fcr die Zwecke, f\u00fcr die https:\/\/piscines-ppp.com sie verarbeitet, relevant sind.\n\n7.2 Zweck der gesammelten Daten\nhttps:\/\/piscines-ppp.com kann die Daten ganz oder teilweise verarbeiten:\n\nUm die Navigation auf der Website und die Verwaltung und Nachvollziehbarkeit der vom Nutzer bestellten Leistungen und Dienste zu erm\u00f6glichen: Verbindungs- und Nutzungsdaten der Website, Rechnungsstellung, Bestellverlauf etc.\nzur Verhinderung und Bek\u00e4mpfung von Computerbetrug (Spamming, Hacking...): f\u00fcr die Navigation verwendete Computerhardware, IP-Adresse, (gehashtes) Passwort.\num die Navigation auf der Website zu verbessern: Verbindungs- und Nutzungsdaten.\nzur Durchf\u00fchrung freiwilliger Umfragen zur Kundenzufriedenheit auf https:\/\/piscines-ppp.com: E-Mail-Adresse\nzur Durchf\u00fchrung von Kommunikationskampagnen (SMS, E-Mail): Telefonnummer, E-Mail-Adresse.\nhttps:\/\/piscines-ppp.com vermarktet Ihre personenbezogenen Daten nicht; sie werden daher nur aus Notwendigkeit oder zu statistischen und analytischen Zwecken verwendet.\n\n7.3 Recht auf Zugang, Berichtigung und Widerspruch\nIn \u00dcbereinstimmung mit den geltenden europ\u00e4ischen Vorschriften haben die Nutzer von https:\/\/piscines-ppp.com folgende Rechte:\n\nRecht auf Zugang (Artikel 15 DSGVO) und Berichtigung (Artikel 16 DSGVO), Aktualisierung und Vervollst\u00e4ndigung der Daten der Nutzer Recht auf Sperrung oder L\u00f6schung der personenbezogenen Daten der Nutzer (Artikel 17 DSGVO), wenn diese unrichtig, unvollst\u00e4ndig, zweideutig oder veraltet sind oder deren Erhebung, Nutzung, Weitergabe oder Aufbewahrung verboten ist.\nRecht, eine Einwilligung jederzeit zu widerrufen (Artikel 13-2c DSGVO).\nRecht auf Einschr\u00e4nkung der Verarbeitung von Nutzerdaten (Artikel 18 DSGVO).\nRecht auf Widerspruch gegen die Verarbeitung von Nutzerdaten (Artikel 21 DSGVO).\nRecht auf \u00dcbertragbarkeit der von den Nutzern bereitgestellten Daten, wenn diese Daten Gegenstand einer automatisierten Verarbeitung sind, die auf ihrer Einwilligung oder auf einem Vertrag beruht (Artikel 20 DSGVO).\nRecht, den Verbleib der Daten der Nutzer nach deren Tod festzulegen und zu bestimmen, an wen https:\/\/piscines-ppp.com ihre Daten weitergeben soll (oder nicht), und zwar an einen Dritten, den sie zuvor bestimmt haben.\nSobald https:\/\/piscines-ppp.com vom Tod eines Nutzers erf\u00e4hrt und keine Anweisungen von ihm erh\u00e4lt, verpflichtet sich https:\/\/piscines-ppp.com, seine Daten zu vernichten, au\u00dfer wenn ihre Aufbewahrung zu Beweiszwecken oder zur Erf\u00fcllung einer gesetzlichen Verpflichtung erforderlich ist.\n\nWenn der Nutzer wissen m\u00f6chte, wie https:\/\/piscines-ppp.com seine Pers\u00f6nlichen Daten verwendet, sie berichtigen lassen m\u00f6chte oder sich ihrer Verarbeitung widersetzt, kann der Nutzer https:\/\/piscines-ppp.com schriftlich unter der folgenden Adresse kontaktieren:\n\nU4PPP - DPO, Jean Leonard.\nLIEU DIT ROTSTUDEN 67320 67320 WEYER.\nIn diesem Fall muss der Nutzer angeben, welche Pers\u00f6nlichen Daten er von https:\/\/piscines-ppp.com korrigiert, aktualisiert oder gel\u00f6scht haben m\u00f6chte, indem er sich mit einer Kopie eines Identit\u00e4tsnachweises (Personalausweis oder Reisepass) genau identifiziert.\n\nAntr\u00e4ge auf L\u00f6schung Pers\u00f6nlicher Daten unterliegen den Verpflichtungen, die https:\/\/piscines-ppp.com gesetzlich auferlegt sind, insbesondere in Bezug auf die Aufbewahrung oder Archivierung von Dokumenten. Schlie\u00dflich k\u00f6nnen die Nutzer von https:\/\/piscines-ppp.com eine Beschwerde bei den Aufsichtsbeh\u00f6rden, insbesondere bei der CNIL (https:\/\/www.cnil.fr\/fr\/plaintes), einreichen.\n\n7.4 Nichtweitergabe von personenbezogenen Daten.\nhttps:\/\/piscines-ppp.com darf die von seinen Kunden gesammelten Informationen nicht in einem Land au\u00dferhalb der Europ\u00e4ischen Union oder in einem von der Europ\u00e4ischen Kommission als \"nicht angemessen\" anerkannten Land verarbeiten, hosten oder \u00fcbertragen, ohne den Kunden vorab dar\u00fcber zu informieren. Dennoch bleibt https:\/\/piscines-ppp.com frei in der Wahl seiner technischen und kommerziellen Subunternehmer, vorausgesetzt, dass diese ausreichende Garantien im Hinblick auf die Anforderungen der Allgemeinen Datenschutzverordnung (DSGVO: Nr. 2016-679) bieten.\n\nhttps:\/\/piscines-ppp.com verpflichtet sich, alle notwendigen Vorsichtsma\u00dfnahmen zu ergreifen, um die Sicherheit der Informationen zu wahren und insbesondere sicherzustellen, dass sie nicht an unbefugte Personen weitergegeben werden. Wenn https:\/\/piscines-ppp.com jedoch von einem Vorfall erf\u00e4hrt, der die Integrit\u00e4t oder Vertraulichkeit der Kundeninformationen beeintr\u00e4chtigt, muss sie den Kunden so schnell wie m\u00f6glich informieren und ihm die ergriffenen Korrekturma\u00dfnahmen mitteilen. Dar\u00fcber hinaus sammelt https:\/\/piscines-ppp.com keine \"sensiblen Daten\".\n\nDie Pers\u00f6nlichen Daten des Nutzers k\u00f6nnen von Tochtergesellschaften von https:\/\/piscines-ppp.com und von Subunternehmern (Dienstleistern) verarbeitet werden, ausschlie\u00dflich um die in dieser Richtlinie genannten Zwecke zu erf\u00fcllen.\n\nIm Rahmen ihrer jeweiligen Befugnisse und f\u00fcr die oben genannten Zwecke sind die wichtigsten Personen, die Zugang zu den Daten der Nutzer von https:\/\/piscines-ppp.com haben k\u00f6nnen, in erster Linie die Mitarbeiter unseres Kundendienstes.\n\n8. Benachrichtigung \u00fcber Vorf\u00e4lle\n\nTrotz aller Bem\u00fchungen ist keine \u00dcbertragungsmethode im Internet und keine elektronische Speichermethode vollkommen sicher. Wir k\u00f6nnen daher keine absolute Sicherheit garantieren. Wenn wir von einer Sicherheitsverletzung Kenntnis erlangen, werden wir die betroffenen Nutzer benachrichtigen, damit sie geeignete Ma\u00dfnahmen ergreifen k\u00f6nnen. Unsere Verfahren zur Meldung von Vorf\u00e4llen ber\u00fccksichtigen unsere gesetzlichen Verpflichtungen, unabh\u00e4ngig davon, ob sie auf nationaler oder europ\u00e4ischer Ebene bestehen. Wir verpflichten uns, unsere Kunden umfassend \u00fcber alle Fragen zu informieren, die die Sicherheit ihres Kontos betreffen, und ihnen alle Informationen zur Verf\u00fcgung zu stellen, die sie ben\u00f6tigen, um ihre eigenen regulatorischen Meldepflichten zu erf\u00fcllen.\n\nKeine pers\u00f6nlichen Informationen des Nutzers der Website https:\/\/piscines-ppp.com werden ohne das Wissen des Nutzers ver\u00f6ffentlicht, ausgetauscht, \u00fcbertragen, abgetreten oder auf irgendeinem Datentr\u00e4ger an Dritte verkauft. Nur wenn https:\/\/piscines-ppp.com und seine Rechte \u00fcbernommen werden, k\u00f6nnen diese Informationen an einen eventuellen Erwerber weitergegeben werden, der seinerseits die gleiche Verpflichtung zur Aufbewahrung und \u00c4nderung der Daten gegen\u00fcber dem Nutzer der Website https:\/\/piscines-ppp.com hat.\n\nSicherheit\nUm die Sicherheit und Vertraulichkeit der Pers\u00f6nlichen Daten und der Pers\u00f6nlichen Gesundheitsdaten zu gew\u00e4hrleisten, verwendet https:\/\/piscines-ppp.com Netzwerke, die durch Standardvorrichtungen wie Firewalls, Pseudonymisierung, Verschl\u00fcsselung und Passw\u00f6rter gesch\u00fctzt sind.\n\nBei der Verarbeitung Pers\u00f6nlicher Daten unternimmt https:\/\/piscines-ppp.comprend alle angemessenen Schritte, um sie vor Verlust, Missbrauch, unbefugtem Zugriff, Offenlegung, Ver\u00e4nderung oder Zerst\u00f6rung zu sch\u00fctzen.\n\n9. Hyperlinks, Cookies und Internet-Tags\n\nDie Website https:\/\/piscines-ppp.com enth\u00e4lt eine Reihe von Hyperlinks zu anderen Websites, die mit der Genehmigung von https:\/\/piscines-ppp.com eingerichtet wurden. https:\/\/piscines-ppp.com hat jedoch nicht die M\u00f6glichkeit, den Inhalt der so besuchten Websites zu \u00fcberpr\u00fcfen, und \u00fcbernimmt dementsprechend keine Verantwortung daf\u00fcr.\n\nSofern Sie sich nicht dazu entschlie\u00dfen, Cookies zu deaktivieren, erkl\u00e4ren Sie sich damit einverstanden, dass die Website Cookies verwenden kann. Sie k\u00f6nnen diese Cookies jederzeit kostenlos \u00fcber die Ihnen angebotenen und unten aufgef\u00fchrten Deaktivierungsm\u00f6glichkeiten deaktivieren, wobei Ihnen bewusst ist, dass dies den Zugang zu allen oder einem Teil der auf der Website angebotenen Dienste einschr\u00e4nken oder verhindern kann.\n9.1. \"COOKIES\"\nEin \"Cookie\" ist eine kleine Informationsdatei, die an den Browser des Nutzers gesendet und im Endger\u00e4t des Nutzers (z. B. Computer, Smartphone) gespeichert wird (im Folgenden \"Cookies\"). Diese Datei enth\u00e4lt Informationen wie den Domainnamen des Nutzers, den Internetdienstanbieter des Nutzers, das Betriebssystem des Nutzers sowie das Datum und die Uhrzeit des Zugriffs. Cookies k\u00f6nnen das Endger\u00e4t des Nutzers in keiner Weise besch\u00e4digen.\n\nhttps:\/\/piscines-ppp.com kann die Informationen des Nutzers \u00fcber seinen Besuch der Website verarbeiten, wie z. B. die besuchten Seiten und die durchgef\u00fchrten Suchvorg\u00e4nge. Diese Informationen erm\u00f6glichen es https:\/\/piscines-ppp.com, den Inhalt der Website und die Navigation des Nutzers zu verbessern.\n\nDa Cookies die Navigation und\/oder die Bereitstellung der auf der Website angebotenen Dienste erleichtern, kann der Nutzer seinen Browser so konfigurieren, dass er entscheiden kann, ob er sie akzeptieren m\u00f6chte oder nicht, so dass Cookies im Terminal gespeichert werden oder im Gegenteil, dass sie entweder systematisch oder je nach Sender abgelehnt werden. Der Nutzer kann seine Browser-Software auch so konfigurieren, dass ihm die Annahme oder Ablehnung von Cookies punktuell angeboten wird, bevor ein Cookie m\u00f6glicherweise in seinem Endger\u00e4t gespeichert wird. https:\/\/piscines-ppp.com informiert den Nutzer, dass in diesem Fall m\u00f6glicherweise nicht alle Funktionen seiner Browser-Software zur Verf\u00fcgung stehen.\n\nWenn der Nutzer die Speicherung von Cookies in seinem Endger\u00e4t oder Browser ablehnt oder die dort gespeicherten Cookies l\u00f6scht, wird der Nutzer darauf hingewiesen, dass seine Navigation und seine Erfahrung auf der Website eingeschr\u00e4nkt sein k\u00f6nnen. Dies k\u00f6nnte auch der Fall sein, wenn https:\/\/piscines-ppp.com oder einer ihrer Dienstleister aus Gr\u00fcnden der technischen Kompatibilit\u00e4t den vom Endger\u00e4t verwendeten Browsertyp, die Sprach- und Anzeigeeinstellungen oder das Land, von dem aus das Endger\u00e4t mit dem Internet verbunden zu sein scheint, nicht erkennen kann.\n\nGegebenenfalls lehnt https:\/\/piscines-ppp.com jede Haftung f\u00fcr die Folgen ab, die mit dem beeintr\u00e4chtigten Funktionieren der Website und der eventuell von https:\/\/piscines-ppp.com angebotenen Dienste verbunden sind, die sich aus (i) der Ablehnung von Cookies durch den Nutzer (ii) der Unm\u00f6glichkeit f\u00fcr https:\/\/piscines-ppp.com, die f\u00fcr ihr Funktionieren notwendigen Cookies aufgrund der Wahl des Nutzers zu speichern oder abzurufen, ergeben. F\u00fcr die Verwaltung der Cookies und der Wahlm\u00f6glichkeiten des Nutzers ist die Konfiguration jedes Browsers unterschiedlich. Sie wird im Hilfemen\u00fc des Browsers beschrieben, in dem der Nutzer erfahren kann, wie er seine W\u00fcnsche in Bezug auf Cookies \u00e4ndern kann.\n\nDer Nutzer kann sich jederzeit daf\u00fcr entscheiden, seine W\u00fcnsche in Bezug auf Cookies zu \u00e4u\u00dfern und zu \u00e4ndern. https:\/\/piscines-ppp.com kann au\u00dferdem externe Dienstleister beauftragen, uns bei der Erhebung und Verarbeitung der in diesem Abschnitt beschriebenen Informationen zu unterst\u00fctzen.\n\nSchlie\u00dflich k\u00f6nnen Twitter, Facebook, Linkedin und Google Plus auch Cookies auf Ihren Endger\u00e4ten (Computer, Tablet, Mobiltelefon) ablegen, wenn Sie auf die Symbole f\u00fcr die sozialen Netzwerke Twitter, Facebook, Linkedin und Google Plus auf der Website von https:\/\/piscines-ppp.com oder in ihrer mobilen Anwendung klicken und der Nutzer die Ablegung von Cookies akzeptiert hat, indem er seine Navigation auf der Website oder in der mobilen Anwendung von https:\/\/piscines-ppp.com fortgesetzt hat.\n\nDiese Arten von Cookies werden nur dann auf Ihren Endger\u00e4ten abgelegt, wenn Sie Ihre Zustimmung dazu geben, indem Sie Ihre Navigation auf der Website oder der mobilen Anwendung von https:\/\/piscines-ppp.com fortsetzen. Der Nutzer kann jedoch jederzeit seine Zustimmung dazu, dass https:\/\/piscines-ppp.com diese Art von Cookies ablegt, widerrufen.\n\nArtikel 9.2. INTERNET-TAGS\nhttps:\/\/piscines-ppp.com kann gelegentlich Internet-Tags (auch \"Tags\", \"Action Tags\", Ein-Pixel-GIFs, transparente GIFs, unsichtbare GIFs und Eins-zu-Eins-GIFs genannt) verwenden und diese \u00fcber einen Webanalyse-Partner einsetzen, der sich m\u00f6glicherweise in einem anderen Land befindet (und daher die entsprechenden Informationen, einschlie\u00dflich der IP-Adresse des Nutzers, speichert).\n\nDiese Tags werden sowohl in der Online-Werbung, die Nutzern den Zugang zur Website erm\u00f6glicht, als auch auf den verschiedenen Seiten der Website platziert.\n\nDiese Technologie erm\u00f6glicht es https:\/\/piscines-ppp.com, die Reaktionen der Besucher auf die Website und die Wirksamkeit ihrer Ma\u00dfnahmen (z. B. wie oft eine Seite ge\u00f6ffnet wird und welche Informationen aufgerufen werden) sowie die Nutzung der Website durch den Nutzer zu bewerten.\n\nDer externe Anbieter kann mithilfe dieser Tags m\u00f6glicherweise Informationen \u00fcber die Besucher der Website und anderer Websites sammeln, Berichte \u00fcber die Aktivit\u00e4ten auf der Website f\u00fcr https:\/\/piscines-ppp.com erstellen und andere Dienstleistungen im Zusammenhang mit der Nutzung der Website und des Internets erbringen.\n\n10. Anwendbares Recht und Gerichtsbarkeit.\n\nAlle Streitigkeiten im Zusammenhang mit der Nutzung der Website https:\/\/piscines-ppp.com unterliegen dem franz\u00f6sischen Recht. Au\u00dfer in F\u00e4llen, in denen dies gesetzlich nicht zul\u00e4ssig ist, wird die ausschlie\u00dfliche Zust\u00e4ndigkeit den zust\u00e4ndigen Gerichten von<\/code><\/pre>\n\t\t\t\t\t\t\t\t<\/div>\n\t\t\t\t<\/div>\n\t\t\t\t\t<\/div>\n\t\t\t\t<\/div>\n\t\t\t\t<\/div>","protected":false},"excerpt":{"rendered":"<p>Rechtliche Hinweise und Datenschutzrichtlinie<\/p>","protected":false},"author":1,"featured_media":0,"parent":0,"menu_order":0,"comment_status":"closed","ping_status":"closed","template":"elementor_theme","meta":{"_seopress_robots_primary_cat":"","_seopress_titles_title":"","_seopress_titles_desc":"","_seopress_robots_index":"","footnotes":""},"class_list":["post-2101","page","type-page","status-publish","hentry"],"_links":{"self":[{"href":"https:\/\/piscines-ppp.com\/de\/wp-json\/wp\/v2\/pages\/2101","targetHints":{"allow":["GET"]}}],"collection":[{"href":"https:\/\/piscines-ppp.com\/de\/wp-json\/wp\/v2\/pages"}],"about":[{"href":"https:\/\/piscines-ppp.com\/de\/wp-json\/wp\/v2\/types\/page"}],"author":[{"embeddable":true,"href":"https:\/\/piscines-ppp.com\/de\/wp-json\/wp\/v2\/users\/1"}],"replies":[{"embeddable":true,"href":"https:\/\/piscines-ppp.com\/de\/wp-json\/wp\/v2\/comments?post=2101"}],"version-history":[{"count":7,"href":"https:\/\/piscines-ppp.com\/de\/wp-json\/wp\/v2\/pages\/2101\/revisions"}],"predecessor-version":[{"id":3687,"href":"https:\/\/piscines-ppp.com\/de\/wp-json\/wp\/v2\/pages\/2101\/revisions\/3687"}],"wp:attachment":[{"href":"https:\/\/piscines-ppp.com\/de\/wp-json\/wp\/v2\/media?parent=2101"}],"curies":[{"name":"wp","href":"https:\/\/api.w.org\/{rel}","templated":true}]}}