{"id":1579,"date":"2024-01-04T14:52:08","date_gmt":"2024-01-04T14:52:08","guid":{"rendered":"http:\/\/piscines-ppp.com\/?page_id=1579"},"modified":"2024-01-04T15:54:10","modified_gmt":"2024-01-04T15:54:10","slug":"faq","status":"publish","type":"page","link":"https:\/\/piscines-ppp.com\/de\/faq\/","title":{"rendered":"FAQ"},"content":{"rendered":"\t\t<div data-elementor-type=\"wp-page\" data-elementor-id=\"1579\" class=\"elementor elementor-1579\" data-elementor-post-type=\"page\">\n\t\t\t\t<div class=\"elementor-element elementor-element-ef54326 e-flex e-con-boxed wpr-particle-no wpr-jarallax-no wpr-parallax-no wpr-sticky-section-no wpr-column-slider-no wpr-equal-height-no e-con e-parent\" data-id=\"ef54326\" data-element_type=\"container\" data-e-type=\"container\" data-settings=\"{&quot;background_background&quot;:&quot;classic&quot;}\">\n\t\t\t\t\t<div class=\"e-con-inner\">\n\t\t<div class=\"elementor-element elementor-element-0b43d57 e-con-full e-flex wpr-particle-no wpr-jarallax-no wpr-parallax-no wpr-sticky-section-no wpr-column-slider-no wpr-equal-height-no e-con e-child\" data-id=\"0b43d57\" data-element_type=\"container\" data-e-type=\"container\">\n\t\t\t\t<div class=\"elementor-element elementor-element-4ad7a9c elementor-widget elementor-widget-heading\" data-id=\"4ad7a9c\" data-element_type=\"widget\" data-e-type=\"widget\" data-widget_type=\"heading.default\">\n\t\t\t\t<div class=\"elementor-widget-container\">\n\t\t\t\t\t<h1 class=\"elementor-heading-title elementor-size-default\">FAQ<\/h1>\t\t\t\t<\/div>\n\t\t\t\t<\/div>\n\t\t\t\t<div class=\"elementor-element elementor-element-84e11f4 elementor-widget elementor-widget-text-editor\" data-id=\"84e11f4\" data-element_type=\"widget\" data-e-type=\"widget\" data-widget_type=\"text-editor.default\">\n\t\t\t\t<div class=\"elementor-widget-container\">\n\t\t\t\t\t\t\t\t\t<p>Vous avez une question au sujet de nos mod\u00e8les de piscines ? Nous avons une r\u00e9ponse !<\/p><p>D\u00e9couvrez notre <strong>Foire aux Questions<\/strong> sur cette page.<\/p>\t\t\t\t\t\t\t\t<\/div>\n\t\t\t\t<\/div>\n\t\t\t\t<\/div>\n\t\t<div class=\"elementor-element elementor-element-257bb49 e-con-full e-flex wpr-particle-no wpr-jarallax-no wpr-parallax-no wpr-sticky-section-no wpr-column-slider-no wpr-equal-height-no e-con e-child\" data-id=\"257bb49\" data-element_type=\"container\" data-e-type=\"container\">\n\t\t\t\t<div class=\"elementor-element elementor-element-7e6e791 elementor-widget elementor-widget-image\" data-id=\"7e6e791\" data-element_type=\"widget\" data-e-type=\"widget\" data-widget_type=\"image.default\">\n\t\t\t\t<div class=\"elementor-widget-container\">\n\t\t\t\t\t\t\t\t\t\t\t\t\t\t\t<img fetchpriority=\"high\" decoding=\"async\" width=\"800\" height=\"534\" src=\"https:\/\/piscines-ppp.com\/wp-content\/uploads\/2023\/12\/ppp_volet_ateneafondpente-1024x683.webp\" class=\"attachment-large size-large wp-image-1217\" alt=\"\" srcset=\"https:\/\/piscines-ppp.com\/wp-content\/uploads\/2023\/12\/ppp_volet_ateneafondpente-1024x683.webp 1024w, https:\/\/piscines-ppp.com\/wp-content\/uploads\/2023\/12\/ppp_volet_ateneafondpente-300x200.webp 300w, https:\/\/piscines-ppp.com\/wp-content\/uploads\/2023\/12\/ppp_volet_ateneafondpente-768x512.webp 768w, https:\/\/piscines-ppp.com\/wp-content\/uploads\/2023\/12\/ppp_volet_ateneafondpente-1536x1024.webp 1536w, https:\/\/piscines-ppp.com\/wp-content\/uploads\/2023\/12\/ppp_volet_ateneafondpente-2048x1365.webp 2048w\" sizes=\"(max-width: 800px) 100vw, 800px\" \/>\t\t\t\t\t\t\t\t\t\t\t\t\t\t\t<\/div>\n\t\t\t\t<\/div>\n\t\t\t\t<\/div>\n\t\t\t\t\t<\/div>\n\t\t\t\t<\/div>\n\t\t<div class=\"elementor-element elementor-element-dc99d70 e-flex e-con-boxed wpr-particle-no wpr-jarallax-no wpr-parallax-no wpr-sticky-section-no wpr-column-slider-no wpr-equal-height-no e-con e-parent\" data-id=\"dc99d70\" data-element_type=\"container\" data-e-type=\"container\" data-settings=\"{&quot;shape_divider_top&quot;:&quot;waves&quot;}\">\n\t\t\t\t\t<div class=\"e-con-inner\">\n\t\t\t\t<div class=\"elementor-shape elementor-shape-top\" aria-hidden=\"true\" data-negative=\"false\">\n\t\t\t<svg xmlns=\"http:\/\/www.w3.org\/2000\/svg\" viewBox=\"0 0 1000 100\" preserveAspectRatio=\"none\">\n\t<path class=\"elementor-shape-fill\" d=\"M421.9,6.5c22.6-2.5,51.5,0.4,75.5,5.3c23.6,4.9,70.9,23.5,100.5,35.7c75.8,32.2,133.7,44.5,192.6,49.7\n\tc23.6,2.1,48.7,3.5,103.4-2.5c54.7-6,106.2-25.6,106.2-25.6V0H0v30.3c0,0,72,32.6,158.4,30.5c39.2-0.7,92.8-6.7,134-22.4\n\tc21.2-8.1,52.2-18.2,79.7-24.2C399.3,7.9,411.6,7.5,421.9,6.5z\"\/>\n<\/svg>\t\t<\/div>\n\t\t\t\t<div class=\"elementor-element elementor-element-5d4eddc elementor-widget elementor-widget-n-accordion\" data-id=\"5d4eddc\" data-element_type=\"widget\" data-e-type=\"widget\" data-settings=\"{&quot;default_state&quot;:&quot;all_collapsed&quot;,&quot;max_items_expended&quot;:&quot;one&quot;,&quot;n_accordion_animation_duration&quot;:{&quot;unit&quot;:&quot;ms&quot;,&quot;size&quot;:400,&quot;sizes&quot;:[]}}\" data-widget_type=\"nested-accordion.default\">\n\t\t\t\t<div class=\"elementor-widget-container\">\n\t\t\t\t\t\t\t<div class=\"e-n-accordion\" aria-label=\"Accordion. Open links with Enter or Space, close with Escape, and navigate with Arrow Keys\">\n\t\t\t\t\t\t<details id=\"e-n-accordion-item-9780\" class=\"e-n-accordion-item\" >\n\t\t\t\t<summary class=\"e-n-accordion-item-title\" data-accordion-index=\"1\" tabindex=\"0\" aria-expanded=\"false\" aria-controls=\"e-n-accordion-item-9780\" >\n\t\t\t\t\t<span class='e-n-accordion-item-title-header'><div class=\"e-n-accordion-item-title-text\"> Qu'est-ce qu'une piscine \u00e0 coque polyester et quels sont ses avantages ? <\/div><\/span>\n\t\t\t\t\t\t\t<span class='e-n-accordion-item-title-icon'>\n\t\t\t<span class='e-opened' ><i aria-hidden=\"true\" class=\"fas fa-minus\"><\/i><\/span>\n\t\t\t<span class='e-closed'><i aria-hidden=\"true\" class=\"fas fa-plus\"><\/i><\/span>\n\t\t<\/span>\n\n\t\t\t\t\t\t<\/summary>\n\t\t\t\t<div role=\"region\" aria-labelledby=\"e-n-accordion-item-9780\" class=\"elementor-element elementor-element-fee85fb e-con-full e-flex wpr-particle-no wpr-jarallax-no wpr-parallax-no wpr-sticky-section-no wpr-column-slider-no wpr-equal-height-no e-con e-child\" data-id=\"fee85fb\" data-element_type=\"container\" data-e-type=\"container\">\n\t\t<div role=\"region\" aria-labelledby=\"e-n-accordion-item-9780\" class=\"elementor-element elementor-element-9f5bdb5 e-flex e-con-boxed wpr-particle-no wpr-jarallax-no wpr-parallax-no wpr-sticky-section-no wpr-column-slider-no wpr-equal-height-no e-con e-child\" data-id=\"9f5bdb5\" data-element_type=\"container\" data-e-type=\"container\">\n\t\t\t\t\t<div class=\"e-con-inner\">\n\t\t\t\t<div class=\"elementor-element elementor-element-5632560 elementor-widget elementor-widget-text-editor\" data-id=\"5632560\" data-element_type=\"widget\" data-e-type=\"widget\" data-widget_type=\"text-editor.default\">\n\t\t\t\t<div class=\"elementor-widget-container\">\n\t\t\t\t\t\t\t\t\t<p>Une piscine \u00e0 coque polyester est une piscine pr\u00e9fabriqu\u00e9e en usine, fabriqu\u00e9e en une seule pi\u00e8ce \u00e0 partir de polyester renforc\u00e9 de fibre de verre. Ses avantages incluent une installation rapide, une durabilit\u00e9 accrue, une r\u00e9sistance aux fissures, et une surface lisse et facile \u00e0 entretenir.<\/p>\t\t\t\t\t\t\t\t<\/div>\n\t\t\t\t<\/div>\n\t\t\t\t\t<\/div>\n\t\t\t\t<\/div>\n\t\t\t\t<\/div>\n\t\t\t\t\t<\/details>\n\t\t\t\t\t\t<details id=\"e-n-accordion-item-9781\" class=\"e-n-accordion-item\" >\n\t\t\t\t<summary class=\"e-n-accordion-item-title\" data-accordion-index=\"2\" tabindex=\"-1\" aria-expanded=\"false\" aria-controls=\"e-n-accordion-item-9781\" >\n\t\t\t\t\t<span class='e-n-accordion-item-title-header'><div class=\"e-n-accordion-item-title-text\"> Pourquoi devrais-je choisir une piscine \u00e0 coque polyester plut\u00f4t qu'une piscine en b\u00e9ton ? <\/div><\/span>\n\t\t\t\t\t\t\t<span class='e-n-accordion-item-title-icon'>\n\t\t\t<span class='e-opened' ><i aria-hidden=\"true\" class=\"fas fa-minus\"><\/i><\/span>\n\t\t\t<span class='e-closed'><i aria-hidden=\"true\" class=\"fas fa-plus\"><\/i><\/span>\n\t\t<\/span>\n\n\t\t\t\t\t\t<\/summary>\n\t\t\t\t<div role=\"region\" aria-labelledby=\"e-n-accordion-item-9781\" class=\"elementor-element elementor-element-634e742 e-con-full e-flex wpr-particle-no wpr-jarallax-no wpr-parallax-no wpr-sticky-section-no wpr-column-slider-no wpr-equal-height-no e-con e-child\" data-id=\"634e742\" data-element_type=\"container\" data-e-type=\"container\">\n\t\t\t\t<div class=\"elementor-element elementor-element-e723a6f elementor-widget elementor-widget-text-editor\" data-id=\"e723a6f\" data-element_type=\"widget\" data-e-type=\"widget\" data-widget_type=\"text-editor.default\">\n\t\t\t\t<div class=\"elementor-widget-container\">\n\t\t\t\t\t\t\t\t\t<p>Les piscines \u00e0 coque polyester offrent une installation plus rapide, n\u00e9cessitent moins d&rsquo;entretien \u00e0 long terme, et ont une surface lisse qui r\u00e9duit la formation d&rsquo;algues. De plus, elles sont moins sujettes aux fissures et aux d\u00e9formations que les piscines en b\u00e9ton.<\/p>\t\t\t\t\t\t\t\t<\/div>\n\t\t\t\t<\/div>\n\t\t\t\t<\/div>\n\t\t\t\t\t<\/details>\n\t\t\t\t\t\t<details id=\"e-n-accordion-item-9782\" class=\"e-n-accordion-item\" >\n\t\t\t\t<summary class=\"e-n-accordion-item-title\" data-accordion-index=\"3\" tabindex=\"-1\" aria-expanded=\"false\" aria-controls=\"e-n-accordion-item-9782\" >\n\t\t\t\t\t<span class='e-n-accordion-item-title-header'><div class=\"e-n-accordion-item-title-text\"> Quelle est la dur\u00e9e d'installation d'une piscine \u00e0 coque polyester ? <\/div><\/span>\n\t\t\t\t\t\t\t<span class='e-n-accordion-item-title-icon'>\n\t\t\t<span class='e-opened' ><i aria-hidden=\"true\" class=\"fas fa-minus\"><\/i><\/span>\n\t\t\t<span class='e-closed'><i aria-hidden=\"true\" class=\"fas fa-plus\"><\/i><\/span>\n\t\t<\/span>\n\n\t\t\t\t\t\t<\/summary>\n\t\t\t\t<div role=\"region\" aria-labelledby=\"e-n-accordion-item-9782\" class=\"elementor-element elementor-element-8d391c6 e-con-full e-flex wpr-particle-no wpr-jarallax-no wpr-parallax-no wpr-sticky-section-no wpr-column-slider-no wpr-equal-height-no e-con e-child\" data-id=\"8d391c6\" data-element_type=\"container\" data-e-type=\"container\">\n\t\t\t\t<div class=\"elementor-element elementor-element-6557323 elementor-widget elementor-widget-text-editor\" data-id=\"6557323\" data-element_type=\"widget\" data-e-type=\"widget\" data-widget_type=\"text-editor.default\">\n\t\t\t\t<div class=\"elementor-widget-container\">\n\t\t\t\t\t\t\t\t\t<p>En g\u00e9n\u00e9ral, l&rsquo;installation d&rsquo;une piscine \u00e0 coque polyester prend quelques jours seulement. La dur\u00e9e exacte d\u00e9pend de la taille de la piscine, des conditions m\u00e9t\u00e9orologiques et de la pr\u00e9paration du site.<\/p>\t\t\t\t\t\t\t\t<\/div>\n\t\t\t\t<\/div>\n\t\t\t\t<\/div>\n\t\t\t\t\t<\/details>\n\t\t\t\t\t\t<details id=\"e-n-accordion-item-9783\" class=\"e-n-accordion-item\" >\n\t\t\t\t<summary class=\"e-n-accordion-item-title\" data-accordion-index=\"4\" tabindex=\"-1\" aria-expanded=\"false\" aria-controls=\"e-n-accordion-item-9783\" >\n\t\t\t\t\t<span class='e-n-accordion-item-title-header'><div class=\"e-n-accordion-item-title-text\"> Quels sont les avantages \u00e9cologiques des piscines \u00e0 coque polyester ? <\/div><\/span>\n\t\t\t\t\t\t\t<span class='e-n-accordion-item-title-icon'>\n\t\t\t<span class='e-opened' ><i aria-hidden=\"true\" class=\"fas fa-minus\"><\/i><\/span>\n\t\t\t<span class='e-closed'><i aria-hidden=\"true\" class=\"fas fa-plus\"><\/i><\/span>\n\t\t<\/span>\n\n\t\t\t\t\t\t<\/summary>\n\t\t\t\t<div role=\"region\" aria-labelledby=\"e-n-accordion-item-9783\" class=\"elementor-element elementor-element-18f5e6b e-flex e-con-boxed wpr-particle-no wpr-jarallax-no wpr-parallax-no wpr-sticky-section-no wpr-column-slider-no wpr-equal-height-no e-con e-child\" data-id=\"18f5e6b\" data-element_type=\"container\" data-e-type=\"container\">\n\t\t\t\t\t<div class=\"e-con-inner\">\n\t\t\t\t<div class=\"elementor-element elementor-element-a8e6cb3 elementor-widget elementor-widget-text-editor\" data-id=\"a8e6cb3\" data-element_type=\"widget\" data-e-type=\"widget\" data-widget_type=\"text-editor.default\">\n\t\t\t\t<div class=\"elementor-widget-container\">\n\t\t\t\t\t\t\t\t\t<p>Les piscines \u00e0 coque polyester n\u00e9cessitent moins de produits chimiques pour maintenir la qualit\u00e9 de l&rsquo;eau en raison de leur surface lisse, ce qui les rend plus respectueuses de l&rsquo;environnement. De plus, leur fabrication en usine r\u00e9duit l&rsquo;impact sur le site d&rsquo;installation.<\/p>\t\t\t\t\t\t\t\t<\/div>\n\t\t\t\t<\/div>\n\t\t\t\t\t<\/div>\n\t\t\t\t<\/div>\n\t\t\t\t\t<\/details>\n\t\t\t\t\t\t<details id=\"e-n-accordion-item-9784\" class=\"e-n-accordion-item\" >\n\t\t\t\t<summary class=\"e-n-accordion-item-title\" data-accordion-index=\"5\" tabindex=\"-1\" aria-expanded=\"false\" aria-controls=\"e-n-accordion-item-9784\" >\n\t\t\t\t\t<span class='e-n-accordion-item-title-header'><div class=\"e-n-accordion-item-title-text\"> Comment puis-je entretenir ma piscine \u00e0 coque polyester ? <\/div><\/span>\n\t\t\t\t\t\t\t<span class='e-n-accordion-item-title-icon'>\n\t\t\t<span class='e-opened' ><i aria-hidden=\"true\" class=\"fas fa-minus\"><\/i><\/span>\n\t\t\t<span class='e-closed'><i aria-hidden=\"true\" class=\"fas fa-plus\"><\/i><\/span>\n\t\t<\/span>\n\n\t\t\t\t\t\t<\/summary>\n\t\t\t\t<div role=\"region\" aria-labelledby=\"e-n-accordion-item-9784\" class=\"elementor-element elementor-element-f1add85 e-flex e-con-boxed wpr-particle-no wpr-jarallax-no wpr-parallax-no wpr-sticky-section-no wpr-column-slider-no wpr-equal-height-no e-con e-child\" data-id=\"f1add85\" data-element_type=\"container\" data-e-type=\"container\">\n\t\t\t\t\t<div class=\"e-con-inner\">\n\t\t\t\t<div class=\"elementor-element elementor-element-82fdeb7 elementor-widget elementor-widget-text-editor\" data-id=\"82fdeb7\" data-element_type=\"widget\" data-e-type=\"widget\" data-widget_type=\"text-editor.default\">\n\t\t\t\t<div class=\"elementor-widget-container\">\n\t\t\t\t\t\t\t\t\t<p>L&rsquo;entretien des piscines \u00e0 coque polyester est relativement simple. Il suffit de nettoyer r\u00e9guli\u00e8rement la surface, de contr\u00f4ler le pH de l&rsquo;eau et de suivre les recommandations d&rsquo;entretien fournies dans le manuel du propri\u00e9taire.<\/p>\t\t\t\t\t\t\t\t<\/div>\n\t\t\t\t<\/div>\n\t\t\t\t\t<\/div>\n\t\t\t\t<\/div>\n\t\t\t\t\t<\/details>\n\t\t\t\t\t<\/div>\n\t\t\t\t\t<script type=\"application\/ld+json\">{\"@context\":\"https:\\\/\\\/schema.org\",\"@type\":\"FAQPage\",\"mainEntity\":[{\"@type\":\"Question\",\"name\":\"Qu'est-ce qu'une piscine \\u00e0 coque polyester et quels sont ses avantages ?\",\"acceptedAnswer\":{\"@type\":\"Answer\",\"text\":\"Une piscine \\u00e0 coque polyester est une piscine pr\\u00e9fabriqu\\u00e9e en usine, fabriqu\\u00e9e en une seule pi\\u00e8ce \\u00e0 partir de polyester renforc\\u00e9 de fibre de verre. Ses avantages incluent une installation rapide, une durabilit\\u00e9 accrue, une r\\u00e9sistance aux fissures, et une surface lisse et facile \\u00e0 entretenir.\"}},{\"@type\":\"Question\",\"name\":\"Pourquoi devrais-je choisir une piscine \\u00e0 coque polyester plut\\u00f4t qu'une piscine en b\\u00e9ton ?\",\"acceptedAnswer\":{\"@type\":\"Answer\",\"text\":\"Les piscines \\u00e0 coque polyester offrent une installation plus rapide, n\\u00e9cessitent moins d&rsquo;entretien \\u00e0 long terme, et ont une surface lisse qui r\\u00e9duit la formation d&rsquo;algues. De plus, elles sont moins sujettes aux fissures et aux d\\u00e9formations que les piscines en b\\u00e9ton.\"}},{\"@type\":\"Question\",\"name\":\"Quelle est la dur\\u00e9e d'installation d'une piscine \\u00e0 coque polyester ?\",\"acceptedAnswer\":{\"@type\":\"Answer\",\"text\":\"En g\\u00e9n\\u00e9ral, l&rsquo;installation d&rsquo;une piscine \\u00e0 coque polyester prend quelques jours seulement. La dur\\u00e9e exacte d\\u00e9pend de la taille de la piscine, des conditions m\\u00e9t\\u00e9orologiques et de la pr\\u00e9paration du site.\"}},{\"@type\":\"Question\",\"name\":\"Quels sont les avantages \\u00e9cologiques des piscines \\u00e0 coque polyester ?\",\"acceptedAnswer\":{\"@type\":\"Answer\",\"text\":\"Les piscines \\u00e0 coque polyester n\\u00e9cessitent moins de produits chimiques pour maintenir la qualit\\u00e9 de l&rsquo;eau en raison de leur surface lisse, ce qui les rend plus respectueuses de l&rsquo;environnement. De plus, leur fabrication en usine r\\u00e9duit l&rsquo;impact sur le site d&rsquo;installation.\"}},{\"@type\":\"Question\",\"name\":\"Comment puis-je entretenir ma piscine \\u00e0 coque polyester ?\",\"acceptedAnswer\":{\"@type\":\"Answer\",\"text\":\"L&rsquo;entretien des piscines \\u00e0 coque polyester est relativement simple. Il suffit de nettoyer r\\u00e9guli\\u00e8rement la surface, de contr\\u00f4ler le pH de l&rsquo;eau et de suivre les recommandations d&rsquo;entretien fournies dans le manuel du propri\\u00e9taire.\"}}]}<\/script>\n\t\t\t\t\t\t\t<\/div>\n\t\t\t\t<\/div>\n\t\t\t\t\t<\/div>\n\t\t\t\t<\/div>\n\t\t\t\t<\/div>\n\t\t","protected":false},"excerpt":{"rendered":"<p>FAQ Vous avez une question au sujet de nos mod\u00e8les de piscines ? Nous avons une r\u00e9ponse ! D\u00e9couvrez notre Foire aux Questions sur cette page. Qu&rsquo;est-ce qu&rsquo;une piscine \u00e0 coque polyester et quels sont ses avantages ? Une piscine \u00e0 coque polyester est une piscine pr\u00e9fabriqu\u00e9e en usine, fabriqu\u00e9e en une seule pi\u00e8ce \u00e0 partir de polyester renforc\u00e9 de fibre de verre. Ses avantages incluent une installation rapide, une durabilit\u00e9 accrue, une r\u00e9sistance aux fissures, et une surface lisse et facile \u00e0 entretenir. Pourquoi devrais-je choisir une piscine \u00e0 coque polyester plut\u00f4t qu&rsquo;une piscine en b\u00e9ton ? Les piscines \u00e0 coque polyester offrent une installation plus rapide, n\u00e9cessitent moins d&rsquo;entretien \u00e0 long terme, et ont une surface lisse qui r\u00e9duit la formation d&rsquo;algues. De plus, elles sont moins sujettes aux fissures et aux d\u00e9formations que les piscines en b\u00e9ton. Quelle est la dur\u00e9e d&rsquo;installation d&rsquo;une piscine \u00e0 coque polyester ? En g\u00e9n\u00e9ral, l&rsquo;installation d&rsquo;une piscine \u00e0 coque polyester prend quelques jours seulement. La dur\u00e9e exacte d\u00e9pend de la taille de la piscine, des conditions m\u00e9t\u00e9orologiques et de la pr\u00e9paration du site. Quels sont les avantages \u00e9cologiques des piscines \u00e0 coque polyester ? Les piscines \u00e0 coque polyester n\u00e9cessitent moins de produits chimiques pour maintenir la qualit\u00e9 de l&rsquo;eau en raison de leur surface lisse, ce qui les rend plus respectueuses de l&rsquo;environnement. De plus, leur fabrication en usine r\u00e9duit l&rsquo;impact sur le site d&rsquo;installation. Comment puis-je entretenir ma piscine \u00e0 coque polyester ? L&rsquo;entretien des piscines \u00e0 coque polyester est relativement simple. Il suffit de nettoyer r\u00e9guli\u00e8rement la surface, de contr\u00f4ler le pH de l&rsquo;eau et de suivre les recommandations d&rsquo;entretien fournies dans le manuel du propri\u00e9taire. Une piscine \u00e0 coque polyester est une piscine pr\u00e9fabriqu\u00e9e en usine, fabriqu\u00e9e en une seule pi\u00e8ce \u00e0 partir de polyester renforc\u00e9 de fibre de verre. Ses avantages incluent une installation rapide, une durabilit\u00e9 accrue, une r\u00e9sistance aux fissures, et une surface lisse et facile \u00e0 entretenir. Les piscines \u00e0 coque polyester offrent une installation plus rapide, n\u00e9cessitent moins d&rsquo;entretien \u00e0 long terme, et ont une surface lisse qui r\u00e9duit la formation d&rsquo;algues. De plus, elles sont moins sujettes aux fissures et aux d\u00e9formations que les piscines en b\u00e9ton. En g\u00e9n\u00e9ral, l&rsquo;installation d&rsquo;une piscine \u00e0 coque polyester prend quelques jours seulement. La dur\u00e9e exacte d\u00e9pend de la taille de la piscine, des conditions m\u00e9t\u00e9orologiques et de la pr\u00e9paration du site. Les piscines \u00e0 coque polyester n\u00e9cessitent moins de produits chimiques pour maintenir la qualit\u00e9 de l&rsquo;eau en raison de leur surface lisse, ce qui les rend plus respectueuses de l&rsquo;environnement. De plus, leur fabrication en usine r\u00e9duit l&rsquo;impact sur le site d&rsquo;installation. L&rsquo;entretien des piscines \u00e0 coque polyester est relativement simple. Il suffit de nettoyer r\u00e9guli\u00e8rement la surface, de contr\u00f4ler le pH de l&rsquo;eau et de suivre les recommandations d&rsquo;entretien fournies dans le manuel du propri\u00e9taire.<\/p>","protected":false},"author":1,"featured_media":0,"parent":0,"menu_order":0,"comment_status":"closed","ping_status":"closed","template":"elementor_header_footer","meta":{"_seopress_robots_primary_cat":"","_seopress_titles_title":"","_seopress_titles_desc":"","_seopress_robots_index":"","_seopress_analysis_target_kw":"","footnotes":""},"class_list":["post-1579","page","type-page","status-publish","hentry"],"_links":{"self":[{"href":"https:\/\/piscines-ppp.com\/de\/wp-json\/wp\/v2\/pages\/1579","targetHints":{"allow":["GET"]}}],"collection":[{"href":"https:\/\/piscines-ppp.com\/de\/wp-json\/wp\/v2\/pages"}],"about":[{"href":"https:\/\/piscines-ppp.com\/de\/wp-json\/wp\/v2\/types\/page"}],"author":[{"embeddable":true,"href":"https:\/\/piscines-ppp.com\/de\/wp-json\/wp\/v2\/users\/1"}],"replies":[{"embeddable":true,"href":"https:\/\/piscines-ppp.com\/de\/wp-json\/wp\/v2\/comments?post=1579"}],"version-history":[{"count":25,"href":"https:\/\/piscines-ppp.com\/de\/wp-json\/wp\/v2\/pages\/1579\/revisions"}],"predecessor-version":[{"id":1660,"href":"https:\/\/piscines-ppp.com\/de\/wp-json\/wp\/v2\/pages\/1579\/revisions\/1660"}],"wp:attachment":[{"href":"https:\/\/piscines-ppp.com\/de\/wp-json\/wp\/v2\/media?parent=1579"}],"curies":[{"name":"wp","href":"https:\/\/api.w.org\/{rel}","templated":true}]}}