{"id":1516,"date":"2024-01-04T13:45:49","date_gmt":"2024-01-04T13:45:49","guid":{"rendered":"http:\/\/piscines-ppp.com\/?page_id=1516"},"modified":"2026-03-30T19:50:02","modified_gmt":"2026-03-30T19:50:02","slug":"entretien","status":"publish","type":"page","link":"https:\/\/piscines-ppp.com\/de\/entretien\/","title":{"rendered":"Pflege"},"content":{"rendered":"<div data-elementor-type=\"wp-page\" data-elementor-id=\"1516\" class=\"elementor elementor-1516\" data-elementor-post-type=\"page\">\n\t\t\t\t<div class=\"elementor-element elementor-element-14d393ad e-transform e-flex e-con-boxed wpr-particle-no wpr-jarallax-no wpr-parallax-no wpr-sticky-section-no wpr-equal-height-no e-con e-parent\" data-id=\"14d393ad\" data-element_type=\"container\" data-e-type=\"container\" data-settings=\"{&quot;background_background&quot;:&quot;classic&quot;,&quot;_transform_translateX_effect&quot;:{&quot;unit&quot;:&quot;px&quot;,&quot;size&quot;:&quot;&quot;,&quot;sizes&quot;:[]},&quot;_transform_translateX_effect_tablet&quot;:{&quot;unit&quot;:&quot;px&quot;,&quot;size&quot;:&quot;&quot;,&quot;sizes&quot;:[]},&quot;_transform_translateX_effect_mobile&quot;:{&quot;unit&quot;:&quot;px&quot;,&quot;size&quot;:&quot;&quot;,&quot;sizes&quot;:[]},&quot;_transform_translateY_effect&quot;:{&quot;unit&quot;:&quot;px&quot;,&quot;size&quot;:&quot;&quot;,&quot;sizes&quot;:[]},&quot;_transform_translateY_effect_tablet&quot;:{&quot;unit&quot;:&quot;px&quot;,&quot;size&quot;:&quot;&quot;,&quot;sizes&quot;:[]},&quot;_transform_translateY_effect_mobile&quot;:{&quot;unit&quot;:&quot;px&quot;,&quot;size&quot;:&quot;&quot;,&quot;sizes&quot;:[]}}\">\n\t\t\t\t\t<div class=\"e-con-inner\">\n\t\t<div class=\"elementor-element elementor-element-1e3f120b e-con-full animated-slow e-flex wpr-particle-no wpr-jarallax-no wpr-parallax-no wpr-sticky-section-no wpr-equal-height-no elementor-invisible e-con e-child\" data-id=\"1e3f120b\" data-element_type=\"container\" data-e-type=\"container\" data-settings=\"{&quot;background_background&quot;:&quot;classic&quot;,&quot;animation&quot;:&quot;fadeInUp&quot;,&quot;animation_delay&quot;:400}\">\n\t\t\t\t<div class=\"elementor-element elementor-element-2281ca38 elementor-widget elementor-widget-heading\" data-id=\"2281ca38\" data-element_type=\"widget\" data-e-type=\"widget\" data-widget_type=\"heading.default\">\n\t\t\t\t<div class=\"elementor-widget-container\">\n\t\t\t\t\t<h1 class=\"elementor-heading-title elementor-size-default\">Den Pool pflegen<\/h1>\t\t\t\t<\/div>\n\t\t\t\t<\/div>\n\t\t\t\t<div class=\"elementor-element elementor-element-28e8c150 elementor-widget elementor-widget-text-editor\" data-id=\"28e8c150\" data-element_type=\"widget\" data-e-type=\"widget\" data-widget_type=\"text-editor.default\">\n\t\t\t\t<div class=\"elementor-widget-container\">\n\t\t\t\t\t\t\t\t\t<p><span style=\"font-weight: normal;\">Die Tipps von Piscines Provences Polyester<\/span><\/p>\t\t\t\t\t\t\t\t<\/div>\n\t\t\t\t<\/div>\n\t\t\t\t<\/div>\n\t\t\t\t\t<\/div>\n\t\t\t\t<\/div>\n\t\t<div class=\"elementor-element elementor-element-f14a75d e-flex e-con-boxed wpr-particle-no wpr-jarallax-no wpr-parallax-no wpr-sticky-section-no wpr-equal-height-no e-con e-parent\" data-id=\"f14a75d\" data-element_type=\"container\" data-e-type=\"container\">\n\t\t\t\t\t<div class=\"e-con-inner\">\n\t\t<div class=\"elementor-element elementor-element-34f856d e-con-full e-flex wpr-particle-no wpr-jarallax-no wpr-parallax-no wpr-sticky-section-no wpr-equal-height-no e-con e-child\" data-id=\"34f856d\" data-element_type=\"container\" data-e-type=\"container\">\n\t\t\t\t<div class=\"elementor-element elementor-element-38dc295 elementor-widget elementor-widget-text-editor\" data-id=\"38dc295\" data-element_type=\"widget\" data-e-type=\"widget\" data-widget_type=\"text-editor.default\">\n\t\t\t\t<div class=\"elementor-widget-container\">\n\t\t\t\t\t\t\t\t\t<p>Um sicher und mit viel Spa\u00df baden zu k\u00f6nnen, ist eine regelm\u00e4\u00dfige Pflege unerl\u00e4sslich. Hier sind unsere Pflegetipps f\u00fcr Ihren Pool :<\/p>\t\t\t\t\t\t\t\t<\/div>\n\t\t\t\t<\/div>\n\t\t\t\t<div class=\"elementor-element elementor-element-05d7796 elementor-widget elementor-widget-heading\" data-id=\"05d7796\" data-element_type=\"widget\" data-e-type=\"widget\" data-widget_type=\"heading.default\">\n\t\t\t\t<div class=\"elementor-widget-container\">\n\t\t\t\t\t<h2 class=\"elementor-heading-title elementor-size-default\">Der Chlorgehalt in Ihrem Pool\n<\/h2>\t\t\t\t<\/div>\n\t\t\t\t<\/div>\n\t\t\t\t<div class=\"elementor-element elementor-element-33c953f elementor-widget elementor-widget-text-editor\" data-id=\"33c953f\" data-element_type=\"widget\" data-e-type=\"widget\" data-widget_type=\"text-editor.default\">\n\t\t\t\t<div class=\"elementor-widget-container\">\n\t\t\t\t\t\t\t\t\t<p><strong>Die Erhaltungsbehandlung oder Langzeitchlorung :<\/strong><br \/>Ein Wasser muss einen st\u00e4ndigen Chlorgehalt zwischen 1 und 1,5ppm (Analyseergebnis) aufweisen, um perfekt desinfiziert und desinfizierend zu sein. Um dies zu erreichen, muss sich in jedem Skimmerkorb st\u00e4ndig 1 Kieselstein mit langsamem Chlor befinden (ca. 2 Kieselsteine \u00e0 250 g f\u00fcr 50 m3). Eine Kieselrolle muss systematisch nachgef\u00fcllt werden, wenn die vorherige um \u00be ihres Volumens geschrumpft ist.<\/p><p><strong>Die Schockbehandlung oder Schockchlorierung :<br \/><\/strong>Chlore Choc ist ein sehr starkes Desinfektionsmittel, das allein alle Viren, Bakterien und vor allem Algen abt\u00f6tet. Algen, die durch die Luft transportiert werden, finden im Teich ein sehr g\u00fcnstiges Milieu, um sich zu vermehren. Ihr Wachstum wird durch warmes Wetter, Sonnenlicht, hohe Besucherzahlen und ein unzureichendes Desinfektionsmittelniveau angeregt.<\/p><p><strong>Gebrauchsanweisung :<\/strong><\/p><ul><li>Chlorgranulat Choc: 200gr f\u00fcr 10m3<\/li><li>B\u00fcrste die W\u00e4nde mit einer Wandb\u00fcrste ab, um die Algen von ihren Befestigungspunkten zu l\u00f6sen,<\/li><li>Betonen Sie besonders die Aufgaben.<\/li><li>Berechnen Sie die Menge an Chlorgasschock, die Sie verwenden m\u00fcssen.<\/li><li>In 10l Wasser verd\u00fcnnen.<\/li><li>Direkt in den Teich sch\u00fctten (vor die Auslassd\u00fcsen).<\/li><li>W\u00e4hrend dieser Behandlung muss die Pumpe 24 Stunden lang ununterbrochen laufen.<\/li><li>Mit dem Staubsauger wischen.<\/li><li>F\u00fchren Sie eine Filterw\u00e4sche und -sp\u00fclung durch.<\/li><\/ul><p><strong><br \/>WICHTIG: <\/strong>Vor einer Schockchlorung den PH-Wert \u00fcberpr\u00fcfen und ggf. korrigieren.<\/p>\t\t\t\t\t\t\t\t<\/div>\n\t\t\t\t<\/div>\n\t\t\t\t<div class=\"elementor-element elementor-element-d60eebf elementor-widget elementor-widget-heading\" data-id=\"d60eebf\" data-element_type=\"widget\" data-e-type=\"widget\" data-widget_type=\"heading.default\">\n\t\t\t\t<div class=\"elementor-widget-container\">\n\t\t\t\t\t<h2 class=\"elementor-heading-title elementor-size-default\">Die Kontrolle und Korrektur des PH-Wertes im Pool<\/h2>\t\t\t\t<\/div>\n\t\t\t\t<\/div>\n\t\t\t\t<div class=\"elementor-element elementor-element-0135543 elementor-widget elementor-widget-text-editor\" data-id=\"0135543\" data-element_type=\"widget\" data-e-type=\"widget\" data-widget_type=\"text-editor.default\">\n\t\t\t\t<div class=\"elementor-widget-container\">\n\t\t\t\t\t\t\t\t\t<p>Der PH-Wert ist der S\u00e4uregrad des Wassers. Um eine optimale Wirksamkeit der Produkte zu gew\u00e4hrleisten, wird im Sommer wie im Winter empfohlen, ihn zwischen 6,8 und 7,2 zu halten. Korrigieren Sie dazu nach einer Wasserprobe und einem Test mit dem Testkit den Wert entsprechend dem erhaltenen Ergebnis.<\/p>\t\t\t\t\t\t\t\t<\/div>\n\t\t\t\t<\/div>\n\t\t\t\t<\/div>\n\t\t<div class=\"elementor-element elementor-element-021541c e-con-full e-flex wpr-particle-no wpr-jarallax-no wpr-parallax-no wpr-sticky-section-no wpr-equal-height-no e-con e-child\" data-id=\"021541c\" data-element_type=\"container\" data-e-type=\"container\">\n\t\t\t\t<div class=\"elementor-element elementor-element-e403620 elementor-widget elementor-widget-image\" data-id=\"e403620\" data-element_type=\"widget\" data-e-type=\"widget\" data-widget_type=\"image.default\">\n\t\t\t\t<div class=\"elementor-widget-container\">\n\t\t\t\t\t\t\t\t\t\t\t\t\t\t\t<img fetchpriority=\"high\" decoding=\"async\" width=\"1500\" height=\"941\" src=\"https:\/\/piscines-ppp.com\/wp-content\/uploads\/2024\/01\/pool-float-chlorine-tablets-close-up-float-chlorine-tablets-edge-swimming-pool-tablets-with-chlorine-dispenser-swimming-pool-chlorine-tablets-with-dosing-float.webp\" class=\"attachment-full size-full wp-image-1620\" alt=\"\" srcset=\"https:\/\/piscines-ppp.com\/wp-content\/uploads\/2024\/01\/pool-float-chlorine-tablets-close-up-float-chlorine-tablets-edge-swimming-pool-tablets-with-chlorine-dispenser-swimming-pool-chlorine-tablets-with-dosing-float.webp 1500w, https:\/\/piscines-ppp.com\/wp-content\/uploads\/2024\/01\/pool-float-chlorine-tablets-close-up-float-chlorine-tablets-edge-swimming-pool-tablets-with-chlorine-dispenser-swimming-pool-chlorine-tablets-with-dosing-float-300x188.webp 300w, https:\/\/piscines-ppp.com\/wp-content\/uploads\/2024\/01\/pool-float-chlorine-tablets-close-up-float-chlorine-tablets-edge-swimming-pool-tablets-with-chlorine-dispenser-swimming-pool-chlorine-tablets-with-dosing-float-1024x642.webp 1024w, https:\/\/piscines-ppp.com\/wp-content\/uploads\/2024\/01\/pool-float-chlorine-tablets-close-up-float-chlorine-tablets-edge-swimming-pool-tablets-with-chlorine-dispenser-swimming-pool-chlorine-tablets-with-dosing-float-768x482.webp 768w\" sizes=\"(max-width: 1500px) 100vw, 1500px\" \/>\t\t\t\t\t\t\t\t\t\t\t\t\t\t\t<\/div>\n\t\t\t\t<\/div>\n\t\t\t\t<\/div>\n\t\t\t\t\t<\/div>\n\t\t\t\t<\/div>\n\t\t\t\t<\/div>","protected":false},"excerpt":{"rendered":"<p>Entretenir sa piscine Les conseils de Piscines Provences Polyester Pour se baigner en toute s\u00e9curit\u00e9 et avec beaucoup de plaisir, il est essentiel de mettre en place un entretien r\u00e9gulier. Voici nos conseils d\u2019entretien pour votre piscine : Le taux de chlore dans votre piscine Le Traitement d\u2019Entretien ou Chloration Longue Dur\u00e9e :Une eau devra pr\u00e9senter un taux de chlore en permanence entre 1 et 1,5ppm (r\u00e9sultat d\u2019analyses) pour \u00eatre parfaitement d\u00e9sinfect\u00e9e et d\u00e9sinfectante. Pour cela, 1 galet de Chlore Lent doit se trouver en permanence dans chaque panier de skimmer (environ 2 galets de 250gr pour 50m3). Un galet doit \u00eatre rajout\u00e9 syst\u00e9matiquement quand le pr\u00e9c\u00e9dant \u00e0 diminu\u00e9 de \u00be de son volume. Le Traitement de Choc ou Chloration Choc :Le Chlore Choc est un tr\u00e8s puissant d\u00e9sinfectant permettant d\u2019assurer \u00e0 lui seul la destruction de tous les virus, bact\u00e9ries et surtout les algues. Les algues, v\u00e9hicul\u00e9s par l\u2019air, trouvent dans le bassin un milieu tr\u00e8s favorable pour prolif\u00e9rer. Leur croissance est stimul\u00e9e par un temps chaud, la lumi\u00e8re du soleil, une forte fr\u00e9quentation, un niveau de d\u00e9sinfectant insuffisant. Mode d\u2019emploi : Chlore Choc en granul\u00e9s : 200gr pour 10m3 Brosser les parois \u00e0 l\u2019aide d\u2019une brosse de paroi, afin de d\u00e9crocher les algues de leur point d\u2019attache, Insister particuli\u00e8rement sur les t\u00e2ches. Calculer la quantit\u00e9 de Chlore Choc \u00e0 utiliser. Diluer dans 10l d\u2019eau. Verser directement dans le bassin (devant les buses de refoulement). Pendant ce traitement, la pompe doit tourner 24h sans interruption. Passer le balai aspirateur. Faire un Lavage et Rin\u00e7age de filtre. IMPORTANT : Avant une Chloration Choc, contr\u00f4ler et corriger si n\u00e9cessaire le taux de PH. Le contr\u00f4le et la correction du PH de la piscine Le PH est le degr\u00e9 d\u2019acidit\u00e9 de l\u2019eau. Pour assurer une efficacit\u00e9 optimale des produits, il est recommand\u00e9 en Et\u00e9 comme en Hiver, de le maintenir entre 6,8 et 7,2. Pour cela, apr\u00e8s avoir effectu\u00e9 un pr\u00e9l\u00e8vement d\u2019eau et un test \u00e0 l\u2019aide de la trousse d\u2019analyses, corriger le taux en fonction du r\u00e9sultat obtenu.<\/p>","protected":false},"author":1,"featured_media":0,"parent":0,"menu_order":0,"comment_status":"closed","ping_status":"closed","template":"","meta":{"_seopress_robots_primary_cat":"","_seopress_titles_title":"","_seopress_titles_desc":"","_seopress_robots_index":"","footnotes":""},"class_list":["post-1516","page","type-page","status-publish","hentry"],"_links":{"self":[{"href":"https:\/\/piscines-ppp.com\/de\/wp-json\/wp\/v2\/pages\/1516","targetHints":{"allow":["GET"]}}],"collection":[{"href":"https:\/\/piscines-ppp.com\/de\/wp-json\/wp\/v2\/pages"}],"about":[{"href":"https:\/\/piscines-ppp.com\/de\/wp-json\/wp\/v2\/types\/page"}],"author":[{"embeddable":true,"href":"https:\/\/piscines-ppp.com\/de\/wp-json\/wp\/v2\/users\/1"}],"replies":[{"embeddable":true,"href":"https:\/\/piscines-ppp.com\/de\/wp-json\/wp\/v2\/comments?post=1516"}],"version-history":[{"count":22,"href":"https:\/\/piscines-ppp.com\/de\/wp-json\/wp\/v2\/pages\/1516\/revisions"}],"predecessor-version":[{"id":3805,"href":"https:\/\/piscines-ppp.com\/de\/wp-json\/wp\/v2\/pages\/1516\/revisions\/3805"}],"wp:attachment":[{"href":"https:\/\/piscines-ppp.com\/de\/wp-json\/wp\/v2\/media?parent=1516"}],"curies":[{"name":"wp","href":"https:\/\/api.w.org\/{rel}","templated":true}]}}