{"id":1507,"date":"2024-01-04T13:41:19","date_gmt":"2024-01-04T13:41:19","guid":{"rendered":"http:\/\/piscines-ppp.com\/?page_id=1507"},"modified":"2026-03-30T19:49:18","modified_gmt":"2026-03-30T19:49:18","slug":"installation","status":"publish","type":"page","link":"https:\/\/piscines-ppp.com\/de\/installation\/","title":{"rendered":"Installation"},"content":{"rendered":"<div data-elementor-type=\"wp-page\" data-elementor-id=\"1507\" class=\"elementor elementor-1507\" data-elementor-post-type=\"page\">\n\t\t\t\t<div class=\"elementor-element elementor-element-7695561d e-transform e-flex e-con-boxed wpr-particle-no wpr-jarallax-no wpr-parallax-no wpr-sticky-section-no wpr-equal-height-no e-con e-parent\" data-id=\"7695561d\" data-element_type=\"container\" data-e-type=\"container\" data-settings=\"{&quot;background_background&quot;:&quot;classic&quot;,&quot;_transform_translateX_effect&quot;:{&quot;unit&quot;:&quot;px&quot;,&quot;size&quot;:&quot;&quot;,&quot;sizes&quot;:[]},&quot;_transform_translateX_effect_tablet&quot;:{&quot;unit&quot;:&quot;px&quot;,&quot;size&quot;:&quot;&quot;,&quot;sizes&quot;:[]},&quot;_transform_translateX_effect_mobile&quot;:{&quot;unit&quot;:&quot;px&quot;,&quot;size&quot;:&quot;&quot;,&quot;sizes&quot;:[]},&quot;_transform_translateY_effect&quot;:{&quot;unit&quot;:&quot;px&quot;,&quot;size&quot;:&quot;&quot;,&quot;sizes&quot;:[]},&quot;_transform_translateY_effect_tablet&quot;:{&quot;unit&quot;:&quot;px&quot;,&quot;size&quot;:&quot;&quot;,&quot;sizes&quot;:[]},&quot;_transform_translateY_effect_mobile&quot;:{&quot;unit&quot;:&quot;px&quot;,&quot;size&quot;:&quot;&quot;,&quot;sizes&quot;:[]}}\">\n\t\t\t\t\t<div class=\"e-con-inner\">\n\t\t<div class=\"elementor-element elementor-element-5483c5a e-con-full animated-slow e-flex wpr-particle-no wpr-jarallax-no wpr-parallax-no wpr-sticky-section-no wpr-equal-height-no elementor-invisible e-con e-child\" data-id=\"5483c5a\" data-element_type=\"container\" data-e-type=\"container\" data-settings=\"{&quot;background_background&quot;:&quot;classic&quot;,&quot;animation&quot;:&quot;fadeInUp&quot;,&quot;animation_delay&quot;:400}\">\n\t\t\t\t<div class=\"elementor-element elementor-element-443ebfeb elementor-widget elementor-widget-heading\" data-id=\"443ebfeb\" data-element_type=\"widget\" data-e-type=\"widget\" data-widget_type=\"heading.default\">\n\t\t\t\t<div class=\"elementor-widget-container\">\n\t\t\t\t\t<h1 class=\"elementor-heading-title elementor-size-default\">Einen Pool zu Hause einrichten<\/h1>\t\t\t\t<\/div>\n\t\t\t\t<\/div>\n\t\t\t\t<div class=\"elementor-element elementor-element-76353886 elementor-widget elementor-widget-text-editor\" data-id=\"76353886\" data-element_type=\"widget\" data-e-type=\"widget\" data-widget_type=\"text-editor.default\">\n\t\t\t\t<div class=\"elementor-widget-container\">\n\t\t\t\t\t\t\t\t\t<p><span style=\"font-weight: normal;\">Die Tipps von Piscines Provences Polyester<\/span><\/p>\t\t\t\t\t\t\t\t<\/div>\n\t\t\t\t<\/div>\n\t\t\t\t<\/div>\n\t\t\t\t\t<\/div>\n\t\t\t\t<\/div>\n\t\t<div class=\"elementor-element elementor-element-fc0268c e-flex e-con-boxed wpr-particle-no wpr-jarallax-no wpr-parallax-no wpr-sticky-section-no wpr-equal-height-no e-con e-parent\" data-id=\"fc0268c\" data-element_type=\"container\" data-e-type=\"container\">\n\t\t\t\t\t<div class=\"e-con-inner\">\n\t\t<div class=\"elementor-element elementor-element-0e06566 e-con-full e-flex wpr-particle-no wpr-jarallax-no wpr-parallax-no wpr-sticky-section-no wpr-equal-height-no e-con e-child\" data-id=\"0e06566\" data-element_type=\"container\" data-e-type=\"container\">\n\t\t\t\t<div class=\"elementor-element elementor-element-42a80d7 elementor-widget elementor-widget-image\" data-id=\"42a80d7\" data-element_type=\"widget\" data-e-type=\"widget\" data-widget_type=\"image.default\">\n\t\t\t\t<div class=\"elementor-widget-container\">\n\t\t\t\t\t\t\t\t\t\t\t\t\t\t\t<img fetchpriority=\"high\" decoding=\"async\" width=\"1407\" height=\"666\" src=\"https:\/\/piscines-ppp.com\/wp-content\/uploads\/2024\/01\/installation-piscine.webp\" class=\"attachment-full size-full wp-image-1394\" alt=\"\" srcset=\"https:\/\/piscines-ppp.com\/wp-content\/uploads\/2024\/01\/installation-piscine.webp 1407w, https:\/\/piscines-ppp.com\/wp-content\/uploads\/2024\/01\/installation-piscine-300x142.webp 300w, https:\/\/piscines-ppp.com\/wp-content\/uploads\/2024\/01\/installation-piscine-1024x485.webp 1024w, https:\/\/piscines-ppp.com\/wp-content\/uploads\/2024\/01\/installation-piscine-768x364.webp 768w\" sizes=\"(max-width: 1407px) 100vw, 1407px\" \/>\t\t\t\t\t\t\t\t\t\t\t\t\t\t\t<\/div>\n\t\t\t\t<\/div>\n\t\t\t\t<\/div>\n\t\t<div class=\"elementor-element elementor-element-34b6bd2 e-con-full e-flex wpr-particle-no wpr-jarallax-no wpr-parallax-no wpr-sticky-section-no wpr-equal-height-no e-con e-child\" data-id=\"34b6bd2\" data-element_type=\"container\" data-e-type=\"container\">\n\t\t\t\t<div class=\"elementor-element elementor-element-365dedf elementor-widget elementor-widget-text-editor\" data-id=\"365dedf\" data-element_type=\"widget\" data-e-type=\"widget\" data-widget_type=\"text-editor.default\">\n\t\t\t\t<div class=\"elementor-widget-container\">\n\t\t\t\t\t\t\t\t\t<p class=\"translation-block\">Nach ein bisschen Bedenkzeit haben Sie sich f\u00fcr ein passendes Modell in ihrem Garten entschieden: Nun haben Sie nur noch einen Wunsch: Den Swimminmgpool mit der ganzen Familie zu genie\u00dfen.\u00a0<\/p><p>Professionelles Personal k\u00fcmmert sich gerne um die Installation Ihres Pools: Entdecken Sie alle Schritte!<\/p>\t\t\t\t\t\t\t\t<\/div>\n\t\t\t\t<\/div>\n\t\t\t\t<div class=\"elementor-element elementor-element-8b749f3 elementor-widget elementor-widget-heading\" data-id=\"8b749f3\" data-element_type=\"widget\" data-e-type=\"widget\" data-widget_type=\"heading.default\">\n\t\t\t\t<div class=\"elementor-widget-container\">\n\t\t\t\t\t<h2 class=\"elementor-heading-title elementor-size-default\">Die finalen Schritte<\/h2>\t\t\t\t<\/div>\n\t\t\t\t<\/div>\n\t\t\t\t<div class=\"elementor-element elementor-element-64bab10 elementor-widget elementor-widget-text-editor\" data-id=\"64bab10\" data-element_type=\"widget\" data-e-type=\"widget\" data-widget_type=\"text-editor.default\">\n\t\t\t\t<div class=\"elementor-widget-container\">\n\t\t\t\t\t\t\t\t\t<p>Hier sind die wenigen Hauptschritte, die Ihr Schwimmbadinstallateur befolgen wird, damit Sie den Pool in Ihrem Garten genie\u00dfen k\u00f6nnen:<\/p>\n<ul>\n<li>Erdarbeiten ( Das Loch f\u00fcr den Pool und die Technik ( Rohre))<\/li>\n<li>Verlegung einer Kiesunterlage<\/li>\n<li>Lieferung des GFK- Beckens, dass in einem St\u00fcck zu Ihnen nach Hause geliefert wird<\/li>\n<li>Installation der Rohrleitungen<\/li>\n<li>Die Aufsch\u00fcttung um das Becken mit Kies<\/li><li>Betong\u00fcrtel<\/li>\n<li>Verlegung des Ringanker<\/li>\n<li>Abschlussarbeiten<\/li>\n<\/ul>\n<p>Schon ist es vollbracht! Das Becken sitzt und ist vollst\u00e4ndig installiert. Und das in sehr wenigen Schritten im Vergleich zu einem gemauertem Schwimmbecken.<\/p>\t\t\t\t\t\t\t\t<\/div>\n\t\t\t\t<\/div>\n\t\t\t\t<\/div>\n\t\t\t\t\t<\/div>\n\t\t\t\t<\/div>\n\t\t<div class=\"elementor-element elementor-element-f22a1bd e-flex e-con-boxed wpr-particle-no wpr-jarallax-no wpr-parallax-no wpr-sticky-section-no wpr-equal-height-no e-con e-parent\" data-id=\"f22a1bd\" data-element_type=\"container\" data-e-type=\"container\">\n\t\t\t\t\t<div class=\"e-con-inner\">\n\t\t\t\t\t<\/div>\n\t\t\t\t<\/div>\n\t\t\t\t<\/div>","protected":false},"excerpt":{"rendered":"<p>Installation d&rsquo;une piscine chez soi Les conseils de Piscines Provences Polyester Apr\u00e8s une longue r\u00e9flexion, vous savez maintenant quel mod\u00e8le de piscine PPP vous souhaitez faire installer dans votre jardin. Vous n\u2019avez maintenant plus qu\u2019une seule envie : en profiter avec toute votre famille.\u00a0 Des professionnels s\u2019occupent de l\u2019installation de votre bassin : d\u00e9couvrez toutes les \u00e9tapes ! Les grandes \u00e9tapes Voici les quelques grandes \u00e9tapes que va suivre votre installateur piscine pour que vous puissiez profiter de votre bassin dans votre jardin : Le terrassement La pose d\u2019une assise de gravier La livraison de la piscine en coque de polyester qui arrive chez vous en un seul bloc La mise en place de la tuyauterie Le remblaiement Ceinture b\u00e9ton La pose des margelles La finition Et voil\u00e0, c\u2019est termin\u00e9 ! L\u2019installation d\u2019une piscine coque polyester est bien plus facile et rapide que celle d\u2019une piscine ma\u00e7onn\u00e9e.<\/p>","protected":false},"author":1,"featured_media":0,"parent":0,"menu_order":0,"comment_status":"closed","ping_status":"closed","template":"","meta":{"_seopress_robots_primary_cat":"","_seopress_titles_title":"","_seopress_titles_desc":"","_seopress_robots_index":"","footnotes":""},"class_list":["post-1507","page","type-page","status-publish","hentry"],"_links":{"self":[{"href":"https:\/\/piscines-ppp.com\/de\/wp-json\/wp\/v2\/pages\/1507","targetHints":{"allow":["GET"]}}],"collection":[{"href":"https:\/\/piscines-ppp.com\/de\/wp-json\/wp\/v2\/pages"}],"about":[{"href":"https:\/\/piscines-ppp.com\/de\/wp-json\/wp\/v2\/types\/page"}],"author":[{"embeddable":true,"href":"https:\/\/piscines-ppp.com\/de\/wp-json\/wp\/v2\/users\/1"}],"replies":[{"embeddable":true,"href":"https:\/\/piscines-ppp.com\/de\/wp-json\/wp\/v2\/comments?post=1507"}],"version-history":[{"count":22,"href":"https:\/\/piscines-ppp.com\/de\/wp-json\/wp\/v2\/pages\/1507\/revisions"}],"predecessor-version":[{"id":3802,"href":"https:\/\/piscines-ppp.com\/de\/wp-json\/wp\/v2\/pages\/1507\/revisions\/3802"}],"wp:attachment":[{"href":"https:\/\/piscines-ppp.com\/de\/wp-json\/wp\/v2\/media?parent=1507"}],"curies":[{"name":"wp","href":"https:\/\/api.w.org\/{rel}","templated":true}]}}