{"id":1492,"date":"2024-01-04T13:25:36","date_gmt":"2024-01-04T13:25:36","guid":{"rendered":"http:\/\/piscines-ppp.com\/?page_id=1492"},"modified":"2026-03-30T19:48:20","modified_gmt":"2026-03-30T19:48:20","slug":"acheter-une-piscine-coque-polyester-pour-mon-jardin","status":"publish","type":"page","link":"https:\/\/piscines-ppp.com\/de\/acheter-une-piscine-coque-polyester-pour-mon-jardin\/","title":{"rendered":"Kaufen Sie einen Pool f\u00fcr Ihren Garten"},"content":{"rendered":"<div data-elementor-type=\"wp-page\" data-elementor-id=\"1492\" class=\"elementor elementor-1492\" data-elementor-post-type=\"page\">\n\t\t\t\t<div class=\"elementor-element elementor-element-39e9aebc e-transform e-flex e-con-boxed wpr-particle-no wpr-jarallax-no wpr-parallax-no wpr-sticky-section-no wpr-column-slider-no wpr-equal-height-no e-con e-parent\" data-id=\"39e9aebc\" data-element_type=\"container\" data-e-type=\"container\" data-settings=\"{&quot;background_background&quot;:&quot;classic&quot;,&quot;_transform_translateX_effect&quot;:{&quot;unit&quot;:&quot;px&quot;,&quot;size&quot;:&quot;&quot;,&quot;sizes&quot;:[]},&quot;_transform_translateX_effect_tablet&quot;:{&quot;unit&quot;:&quot;px&quot;,&quot;size&quot;:&quot;&quot;,&quot;sizes&quot;:[]},&quot;_transform_translateX_effect_mobile&quot;:{&quot;unit&quot;:&quot;px&quot;,&quot;size&quot;:&quot;&quot;,&quot;sizes&quot;:[]},&quot;_transform_translateY_effect&quot;:{&quot;unit&quot;:&quot;px&quot;,&quot;size&quot;:&quot;&quot;,&quot;sizes&quot;:[]},&quot;_transform_translateY_effect_tablet&quot;:{&quot;unit&quot;:&quot;px&quot;,&quot;size&quot;:&quot;&quot;,&quot;sizes&quot;:[]},&quot;_transform_translateY_effect_mobile&quot;:{&quot;unit&quot;:&quot;px&quot;,&quot;size&quot;:&quot;&quot;,&quot;sizes&quot;:[]}}\">\n\t\t\t\t\t<div class=\"e-con-inner\">\n\t\t<div class=\"elementor-element elementor-element-5692c29 e-con-full animated-slow e-flex wpr-particle-no wpr-jarallax-no wpr-parallax-no wpr-sticky-section-no wpr-column-slider-no wpr-equal-height-no elementor-invisible e-con e-child\" data-id=\"5692c29\" data-element_type=\"container\" data-e-type=\"container\" data-settings=\"{&quot;background_background&quot;:&quot;classic&quot;,&quot;animation&quot;:&quot;fadeInUp&quot;,&quot;animation_delay&quot;:400}\">\n\t\t\t\t<div class=\"elementor-element elementor-element-4247c88b elementor-widget elementor-widget-heading\" data-id=\"4247c88b\" data-element_type=\"widget\" data-e-type=\"widget\" data-widget_type=\"heading.default\">\n\t\t\t\t<div class=\"elementor-widget-container\">\n\t\t\t\t\t<h1 class=\"elementor-heading-title elementor-size-default\">Kaufen Sie einen Pool f\u00fcr Ihren Garten<\/h1>\t\t\t\t<\/div>\n\t\t\t\t<\/div>\n\t\t\t\t<div class=\"elementor-element elementor-element-47ec531a elementor-widget elementor-widget-text-editor\" data-id=\"47ec531a\" data-element_type=\"widget\" data-e-type=\"widget\" data-widget_type=\"text-editor.default\">\n\t\t\t\t<div class=\"elementor-widget-container\">\n\t\t\t\t\t\t\t\t\t<p><span style=\"font-weight: normal;\">Die Tipps von Piscines Provences Polyester<\/span><\/p>\t\t\t\t\t\t\t\t<\/div>\n\t\t\t\t<\/div>\n\t\t\t\t<\/div>\n\t\t\t\t\t<\/div>\n\t\t\t\t<\/div>\n\t\t<div class=\"elementor-element elementor-element-b7c607d e-flex e-con-boxed wpr-particle-no wpr-jarallax-no wpr-parallax-no wpr-sticky-section-no wpr-column-slider-no wpr-equal-height-no e-con e-parent\" data-id=\"b7c607d\" data-element_type=\"container\" data-e-type=\"container\">\n\t\t\t\t\t<div class=\"e-con-inner\">\n\t\t<div class=\"elementor-element elementor-element-c8de683 e-con-full e-flex wpr-particle-no wpr-jarallax-no wpr-parallax-no wpr-sticky-section-no wpr-column-slider-no wpr-equal-height-no e-con e-child\" data-id=\"c8de683\" data-element_type=\"container\" data-e-type=\"container\">\n\t\t\t\t<div class=\"elementor-element elementor-element-0ea383b elementor-widget elementor-widget-image\" data-id=\"0ea383b\" data-element_type=\"widget\" data-e-type=\"widget\" data-widget_type=\"image.default\">\n\t\t\t\t<div class=\"elementor-widget-container\">\n\t\t\t\t\t\t\t\t\t\t\t\t\t\t\t<img fetchpriority=\"high\" decoding=\"async\" width=\"800\" height=\"532\" src=\"https:\/\/piscines-ppp.com\/wp-content\/uploads\/2024\/01\/acheter-piscine-coque.webp\" class=\"attachment-full size-full wp-image-1392\" alt=\"\" srcset=\"https:\/\/piscines-ppp.com\/wp-content\/uploads\/2024\/01\/acheter-piscine-coque.webp 800w, https:\/\/piscines-ppp.com\/wp-content\/uploads\/2024\/01\/acheter-piscine-coque-300x200.webp 300w, https:\/\/piscines-ppp.com\/wp-content\/uploads\/2024\/01\/acheter-piscine-coque-768x511.webp 768w\" sizes=\"(max-width: 800px) 100vw, 800px\" \/>\t\t\t\t\t\t\t\t\t\t\t\t\t\t\t<\/div>\n\t\t\t\t<\/div>\n\t\t\t\t<\/div>\n\t\t<div class=\"elementor-element elementor-element-4450beb e-con-full e-flex wpr-particle-no wpr-jarallax-no wpr-parallax-no wpr-sticky-section-no wpr-column-slider-no wpr-equal-height-no e-con e-child\" data-id=\"4450beb\" data-element_type=\"container\" data-e-type=\"container\">\n\t\t\t\t<div class=\"elementor-element elementor-element-6f8265a elementor-widget elementor-widget-text-editor\" data-id=\"6f8265a\" data-element_type=\"widget\" data-e-type=\"widget\" data-widget_type=\"text-editor.default\">\n\t\t\t\t<div class=\"elementor-widget-container\">\n\t\t\t\t\t\t\t\t\t<p>Z\u00f6gern Sie zwischen einem GFK- Becken  oder einem gemauerten Modell f\u00fcr Ihren Garten? Dank unserer Beratung k\u00f6nnen Sie einen Swimmingpool ausw\u00e4hlen, der perfekt zu Ihren W\u00fcnschen passt!<\/p><p><strong>Was spricht f\u00fcr ein GFK- Becken?<\/strong><\/p><p>Ein GFK-Becken hat einige Vorteile:<\/p><ul><li>Die Installation ist einfach und schnell im Gegensatz zur der des Mauerwerksmodells. Dieses dauert viel l\u00e4nger.<\/li><li>Wenn es aus Polyester besteht, ist es sehr widerstandsf\u00e4hig und pflegeleicht<\/li><li>Sie k\u00f6nnen die Form der Schale ganz einfach ausw\u00e4hlen, sodass Sie einen Pool erhalten, der zu Ihnen passt.<\/li><\/ul><p>Eines ist sicher: Mit Ihrem GFK- Becken werden Sie auf jeden Fall zufrieden sein und den Spa\u00df und die Entspannung mit der ganzen Familie und Freunden genie\u00dfen k\u00f6nnen!<\/p>\t\t\t\t\t\t\t\t<\/div>\n\t\t\t\t<\/div>\n\t\t\t\t<div class=\"elementor-element elementor-element-9ab549b elementor-widget elementor-widget-heading\" data-id=\"9ab549b\" data-element_type=\"widget\" data-e-type=\"widget\" data-widget_type=\"heading.default\">\n\t\t\t\t<div class=\"elementor-widget-container\">\n\t\t\t\t\t<h2 class=\"elementor-heading-title elementor-size-default\">Lassen Sie ein Polyester-Schwimmbecken bauen<\/h2>\t\t\t\t<\/div>\n\t\t\t\t<\/div>\n\t\t\t\t<div class=\"elementor-element elementor-element-60036ab elementor-widget elementor-widget-text-editor\" data-id=\"60036ab\" data-element_type=\"widget\" data-e-type=\"widget\" data-widget_type=\"text-editor.default\">\n\t\t\t\t<div class=\"elementor-widget-container\">\n\t\t\t\t\t\t\t\t\t<p class=\"translation-block\">\u00dcber sein H\u00e4ndlernetz bietet Ihnen Piscines PPP zahlreiche Modelle von GFK- Becken an. Entdecken Sie unsere gesamte Kollektion: Sie werden unweigerlich in den Bann eines unserer Models geraten!<\/p>\t\t\t\t\t\t\t\t<\/div>\n\t\t\t\t<\/div>\n\t\t\t\t<\/div>\n\t\t<div class=\"elementor-element elementor-element-5f8ccb5 e-con-full e-flex wpr-particle-no wpr-jarallax-no wpr-parallax-no wpr-sticky-section-no wpr-column-slider-no wpr-equal-height-no e-con e-child\" data-id=\"5f8ccb5\" data-element_type=\"container\" data-e-type=\"container\">\n\t\t\t\t<\/div>\n\t\t\t\t\t<\/div>\n\t\t\t\t<\/div>\n\t\t\t\t<\/div>","protected":false},"excerpt":{"rendered":"<p>Acheter une piscine coque polyester pour mon jardin Les conseils de Piscines Provences Polyester Vous h\u00e9sitez entre une piscine coque polyester et un mod\u00e8le ma\u00e7onn\u00e9 pour votre jardin ? Gr\u00e2ce \u00e0 nos conseils, vous allez pouvoir choisir une piscine parfaitement adapt\u00e9e \u00e0 vos envies ! Pourquoi choisir une piscine coque polyester ? La piscine coque polyester poss\u00e8de de nombreux avantages : Elle est facile et rapide \u00e0 installer. Le mod\u00e8le ma\u00e7onn\u00e9 prend \u00e9videmment beaucoup plus de temps lors de l\u2019installation. Lorsqu\u2019elle est en polyester, elle est bien r\u00e9sistante, mais aussi facile \u00e0 entretenir Vous pouvez facilement personnaliser la forme de la coque, ce qui vous permet d\u2019obtenir une piscine \u00e0 votre image Une chose est s\u00fbre : avec votre piscine coque polyester, vous serez forc\u00e9ment satisfait et toute votre famille pourra en profiter d\u00e8s le retour des beaux jours ! Faites construire une piscine en polyester A travers son r\u00e9seau de distributeurs, les Piscines PPP mettent \u00e0 votre disposition de nombreux mod\u00e8les de piscines en coque polyester. D\u00e9couvrez toute notre collection : vous tomberez forc\u00e9ment sous le charme de l\u2019un de nos mod\u00e8les !<\/p>","protected":false},"author":1,"featured_media":0,"parent":0,"menu_order":0,"comment_status":"closed","ping_status":"closed","template":"","meta":{"_seopress_robots_primary_cat":"","_seopress_titles_title":"","_seopress_titles_desc":"","_seopress_robots_index":"","_seopress_analysis_target_kw":"","footnotes":""},"class_list":["post-1492","page","type-page","status-publish","hentry"],"_links":{"self":[{"href":"https:\/\/piscines-ppp.com\/de\/wp-json\/wp\/v2\/pages\/1492","targetHints":{"allow":["GET"]}}],"collection":[{"href":"https:\/\/piscines-ppp.com\/de\/wp-json\/wp\/v2\/pages"}],"about":[{"href":"https:\/\/piscines-ppp.com\/de\/wp-json\/wp\/v2\/types\/page"}],"author":[{"embeddable":true,"href":"https:\/\/piscines-ppp.com\/de\/wp-json\/wp\/v2\/users\/1"}],"replies":[{"embeddable":true,"href":"https:\/\/piscines-ppp.com\/de\/wp-json\/wp\/v2\/comments?post=1492"}],"version-history":[{"count":25,"href":"https:\/\/piscines-ppp.com\/de\/wp-json\/wp\/v2\/pages\/1492\/revisions"}],"predecessor-version":[{"id":3799,"href":"https:\/\/piscines-ppp.com\/de\/wp-json\/wp\/v2\/pages\/1492\/revisions\/3799"}],"wp:attachment":[{"href":"https:\/\/piscines-ppp.com\/de\/wp-json\/wp\/v2\/media?parent=1492"}],"curies":[{"name":"wp","href":"https:\/\/api.w.org\/{rel}","templated":true}]}}