{"id":1479,"date":"2024-01-04T13:21:52","date_gmt":"2024-01-04T13:21:52","guid":{"rendered":"http:\/\/piscines-ppp.com\/?page_id=1479"},"modified":"2026-03-30T19:46:26","modified_gmt":"2026-03-30T19:46:26","slug":"avantages-dune-piscine-en-kit","status":"publish","type":"page","link":"https:\/\/piscines-ppp.com\/de\/avantages-dune-piscine-en-kit\/","title":{"rendered":"Vorteile eines Swimmingpools im Bausatz"},"content":{"rendered":"<div data-elementor-type=\"wp-page\" data-elementor-id=\"1479\" class=\"elementor elementor-1479\" data-elementor-post-type=\"page\">\n\t\t\t\t<div class=\"elementor-element elementor-element-319d5ff7 e-transform e-flex e-con-boxed wpr-particle-no wpr-jarallax-no wpr-parallax-no wpr-sticky-section-no wpr-equal-height-no e-con e-parent\" data-id=\"319d5ff7\" data-element_type=\"container\" data-e-type=\"container\" data-settings=\"{&quot;background_background&quot;:&quot;classic&quot;,&quot;_transform_translateX_effect&quot;:{&quot;unit&quot;:&quot;px&quot;,&quot;size&quot;:&quot;&quot;,&quot;sizes&quot;:[]},&quot;_transform_translateX_effect_tablet&quot;:{&quot;unit&quot;:&quot;px&quot;,&quot;size&quot;:&quot;&quot;,&quot;sizes&quot;:[]},&quot;_transform_translateX_effect_mobile&quot;:{&quot;unit&quot;:&quot;px&quot;,&quot;size&quot;:&quot;&quot;,&quot;sizes&quot;:[]},&quot;_transform_translateY_effect&quot;:{&quot;unit&quot;:&quot;px&quot;,&quot;size&quot;:&quot;&quot;,&quot;sizes&quot;:[]},&quot;_transform_translateY_effect_tablet&quot;:{&quot;unit&quot;:&quot;px&quot;,&quot;size&quot;:&quot;&quot;,&quot;sizes&quot;:[]},&quot;_transform_translateY_effect_mobile&quot;:{&quot;unit&quot;:&quot;px&quot;,&quot;size&quot;:&quot;&quot;,&quot;sizes&quot;:[]}}\">\n\t\t\t\t\t<div class=\"e-con-inner\">\n\t\t<div class=\"elementor-element elementor-element-5b3dd397 e-con-full animated-slow e-flex wpr-particle-no wpr-jarallax-no wpr-parallax-no wpr-sticky-section-no wpr-equal-height-no elementor-invisible e-con e-child\" data-id=\"5b3dd397\" data-element_type=\"container\" data-e-type=\"container\" data-settings=\"{&quot;background_background&quot;:&quot;classic&quot;,&quot;animation&quot;:&quot;fadeInUp&quot;,&quot;animation_delay&quot;:400}\">\n\t\t\t\t<div class=\"elementor-element elementor-element-2fb0ee8f elementor-widget elementor-widget-heading\" data-id=\"2fb0ee8f\" data-element_type=\"widget\" data-e-type=\"widget\" data-widget_type=\"heading.default\">\n\t\t\t\t<div class=\"elementor-widget-container\">\n\t\t\t\t\t<h1 class=\"elementor-heading-title elementor-size-default\">Vorteile eines Pool- Sets<\/h1>\t\t\t\t<\/div>\n\t\t\t\t<\/div>\n\t\t\t\t<div class=\"elementor-element elementor-element-40ffd05 elementor-widget elementor-widget-text-editor\" data-id=\"40ffd05\" data-element_type=\"widget\" data-e-type=\"widget\" data-widget_type=\"text-editor.default\">\n\t\t\t\t<div class=\"elementor-widget-container\">\n\t\t\t\t\t\t\t\t\t<p><span style=\"font-weight: normal;\">Die Tipps von Piscines Provences Polyester<\/span><\/p>\t\t\t\t\t\t\t\t<\/div>\n\t\t\t\t<\/div>\n\t\t\t\t<\/div>\n\t\t\t\t\t<\/div>\n\t\t\t\t<\/div>\n\t\t<div class=\"elementor-element elementor-element-aed0ae6 e-flex e-con-boxed wpr-particle-no wpr-jarallax-no wpr-parallax-no wpr-sticky-section-no wpr-equal-height-no e-con e-parent\" data-id=\"aed0ae6\" data-element_type=\"container\" data-e-type=\"container\">\n\t\t\t\t\t<div class=\"e-con-inner\">\n\t\t<div class=\"elementor-element elementor-element-def785f e-con-full e-flex wpr-particle-no wpr-jarallax-no wpr-parallax-no wpr-sticky-section-no wpr-equal-height-no e-con e-child\" data-id=\"def785f\" data-element_type=\"container\" data-e-type=\"container\">\n\t\t\t\t<div class=\"elementor-element elementor-element-1654651 elementor-widget elementor-widget-text-editor\" data-id=\"1654651\" data-element_type=\"widget\" data-e-type=\"widget\" data-widget_type=\"text-editor.default\">\n\t\t\t\t<div class=\"elementor-widget-container\">\n\t\t\t\t\t\t\t\t\t<p>Sind Sie an einem Kauf eines Pool-Sets interessiert, haben aber noch Bedenken?\u00a0<\/p><p>Entdecken Sie die vielen Vorteile des Pool-Sets:<\/p><p><strong>Ein vorbildliches Preis-\/Leistungsverh\u00e4ltnis<\/strong><\/p><p>Das Pool-Set ist sehr sparsam. Obwohl es aus hochwertigen und langlebigen Materialien hergestellt ist, liegt die Installation in Ihrer Verantwortung. Die Kosten sind daher viel g\u00fcnstiger, als wenn sich ein professioneller Installateur darum k\u00fcmmern m\u00fcsste.\u00a0\u00a0<\/p><p>Wenn Sie einen sch\u00f6nen Swimmingpool in Ihrem Garten installieren m\u00f6chten aber Ihr Budget begrenzt ist, ist dieses zweifellos die beste L\u00f6sung, die Ihnen zur Verf\u00fcgung steht!<\/p><p><strong>Installation Ihres Pool-Kits<\/strong><\/p><p>Unser Vertriebsnetz steht Ihnen zur Verf\u00fcgung, wenn Sie Fragen zur Montage und Installation Ihres Pool-Sets haben.<\/p><p class=\"translation-block\">Das Pool-Set bietet daher viele Vorteile: Sie k\u00f6nnen sich schnell \u00fcber einen angenehmen Pool f\u00fcr Ihre Familie freuen, den Sie selbst in Ihrem Garten installiert haben!<\/p>\t\t\t\t\t\t\t\t<\/div>\n\t\t\t\t<\/div>\n\t\t\t\t<\/div>\n\t\t<div class=\"elementor-element elementor-element-98ef108 e-con-full e-flex wpr-particle-no wpr-jarallax-no wpr-parallax-no wpr-sticky-section-no wpr-equal-height-no e-con e-child\" data-id=\"98ef108\" data-element_type=\"container\" data-e-type=\"container\">\n\t\t\t\t<div class=\"elementor-element elementor-element-ee7e60a elementor-widget elementor-widget-image\" data-id=\"ee7e60a\" data-element_type=\"widget\" data-e-type=\"widget\" data-widget_type=\"image.default\">\n\t\t\t\t<div class=\"elementor-widget-container\">\n\t\t\t\t\t\t\t\t\t\t\t\t\t\t\t<img fetchpriority=\"high\" decoding=\"async\" width=\"2000\" height=\"1500\" src=\"https:\/\/piscines-ppp.com\/wp-content\/uploads\/2024\/01\/20180524_175137.webp\" class=\"attachment-full size-full wp-image-1390\" alt=\"\" srcset=\"https:\/\/piscines-ppp.com\/wp-content\/uploads\/2024\/01\/20180524_175137.webp 2000w, https:\/\/piscines-ppp.com\/wp-content\/uploads\/2024\/01\/20180524_175137-300x225.webp 300w, https:\/\/piscines-ppp.com\/wp-content\/uploads\/2024\/01\/20180524_175137-1024x768.webp 1024w, https:\/\/piscines-ppp.com\/wp-content\/uploads\/2024\/01\/20180524_175137-768x576.webp 768w, https:\/\/piscines-ppp.com\/wp-content\/uploads\/2024\/01\/20180524_175137-1536x1152.webp 1536w\" sizes=\"(max-width: 2000px) 100vw, 2000px\" \/>\t\t\t\t\t\t\t\t\t\t\t\t\t\t\t<\/div>\n\t\t\t\t<\/div>\n\t\t\t\t<\/div>\n\t\t\t\t\t<\/div>\n\t\t\t\t<\/div>\n\t\t\t\t<\/div>","protected":false},"excerpt":{"rendered":"<p>Vorteile eines Bausatz-Pools Die Ratschl\u00e4ge von Piscines Provences Polyester Sie interessieren sich f\u00fcr den Kauf eines Bausatz-Pools, aber Sie haben noch einige Bedenken?  Entdecken Sie die zahlreichen Vorteile eines Bausatzpools: Ein beispielhaftes Preis-Leistungs-Verh\u00e4ltnis Der Bausatzpool ist sehr kosteng\u00fcnstig. Denn obwohl er aus hochwertigen, langlebigen Materialien hergestellt wird, m\u00fcssen Sie f\u00fcr die Installation selbst aufkommen. Die Kosten sind also viel erschwinglicher, als wenn ein professioneller Installateur diese Aufgabe \u00fcbernehmen muss.  Wenn Sie einen sch\u00f6nen Pool in Ihrem Garten aufstellen m\u00f6chten, aber nur \u00fcber ein begrenztes Budget verf\u00fcgen, ist dies zweifellos die beste L\u00f6sung, die sich Ihnen bietet! Die Installation Ihres Bausatzpools Unser H\u00e4ndlernetz steht Ihnen zur Verf\u00fcgung, wenn Sie eine Frage zur Montage und Installation Ihres im Boden versenkten Bausatzpools haben. Der Bausatzpool hat also viele Vorteile: Sie k\u00f6nnen schnell ein angenehmes Becken f\u00fcr Ihre Familie genie\u00dfen, das Sie selbst in Ihrem Garten aufgestellt haben!<\/p>","protected":false},"author":1,"featured_media":0,"parent":0,"menu_order":0,"comment_status":"closed","ping_status":"closed","template":"","meta":{"_seopress_robots_primary_cat":"","_seopress_titles_title":"","_seopress_titles_desc":"","_seopress_robots_index":"","footnotes":""},"class_list":["post-1479","page","type-page","status-publish","hentry"],"_links":{"self":[{"href":"https:\/\/piscines-ppp.com\/de\/wp-json\/wp\/v2\/pages\/1479","targetHints":{"allow":["GET"]}}],"collection":[{"href":"https:\/\/piscines-ppp.com\/de\/wp-json\/wp\/v2\/pages"}],"about":[{"href":"https:\/\/piscines-ppp.com\/de\/wp-json\/wp\/v2\/types\/page"}],"author":[{"embeddable":true,"href":"https:\/\/piscines-ppp.com\/de\/wp-json\/wp\/v2\/users\/1"}],"replies":[{"embeddable":true,"href":"https:\/\/piscines-ppp.com\/de\/wp-json\/wp\/v2\/comments?post=1479"}],"version-history":[{"count":22,"href":"https:\/\/piscines-ppp.com\/de\/wp-json\/wp\/v2\/pages\/1479\/revisions"}],"predecessor-version":[{"id":3793,"href":"https:\/\/piscines-ppp.com\/de\/wp-json\/wp\/v2\/pages\/1479\/revisions\/3793"}],"wp:attachment":[{"href":"https:\/\/piscines-ppp.com\/de\/wp-json\/wp\/v2\/media?parent=1479"}],"curies":[{"name":"wp","href":"https:\/\/api.w.org\/{rel}","templated":true}]}}