{"id":1436,"date":"2024-01-04T13:03:45","date_gmt":"2024-01-04T13:03:45","guid":{"rendered":"http:\/\/piscines-ppp.com\/?page_id=1436"},"modified":"2026-03-30T19:51:03","modified_gmt":"2026-03-30T19:51:03","slug":"quel-modele-de-piscine-coque-polyester","status":"publish","type":"page","link":"https:\/\/piscines-ppp.com\/de\/quel-modele-de-piscine-coque-polyester\/","title":{"rendered":"Welches Modell eines GFK-Schwimmbeckens?"},"content":{"rendered":"<div data-elementor-type=\"wp-page\" data-elementor-id=\"1436\" class=\"elementor elementor-1436\" data-elementor-post-type=\"page\">\n\t\t\t\t<div class=\"elementor-element elementor-element-75451daf e-transform e-flex e-con-boxed wpr-particle-no wpr-jarallax-no wpr-parallax-no wpr-sticky-section-no wpr-equal-height-no e-con e-parent\" data-id=\"75451daf\" data-element_type=\"container\" data-e-type=\"container\" data-settings=\"{&quot;background_background&quot;:&quot;classic&quot;,&quot;_transform_translateX_effect&quot;:{&quot;unit&quot;:&quot;px&quot;,&quot;size&quot;:&quot;&quot;,&quot;sizes&quot;:[]},&quot;_transform_translateX_effect_tablet&quot;:{&quot;unit&quot;:&quot;px&quot;,&quot;size&quot;:&quot;&quot;,&quot;sizes&quot;:[]},&quot;_transform_translateX_effect_mobile&quot;:{&quot;unit&quot;:&quot;px&quot;,&quot;size&quot;:&quot;&quot;,&quot;sizes&quot;:[]},&quot;_transform_translateY_effect&quot;:{&quot;unit&quot;:&quot;px&quot;,&quot;size&quot;:&quot;&quot;,&quot;sizes&quot;:[]},&quot;_transform_translateY_effect_tablet&quot;:{&quot;unit&quot;:&quot;px&quot;,&quot;size&quot;:&quot;&quot;,&quot;sizes&quot;:[]},&quot;_transform_translateY_effect_mobile&quot;:{&quot;unit&quot;:&quot;px&quot;,&quot;size&quot;:&quot;&quot;,&quot;sizes&quot;:[]}}\">\n\t\t\t\t\t<div class=\"e-con-inner\">\n\t\t<div class=\"elementor-element elementor-element-520bdbdf e-con-full animated-slow e-flex wpr-particle-no wpr-jarallax-no wpr-parallax-no wpr-sticky-section-no wpr-equal-height-no elementor-invisible e-con e-child\" data-id=\"520bdbdf\" data-element_type=\"container\" data-e-type=\"container\" data-settings=\"{&quot;background_background&quot;:&quot;classic&quot;,&quot;animation&quot;:&quot;fadeInUp&quot;,&quot;animation_delay&quot;:400}\">\n\t\t\t\t<div class=\"elementor-element elementor-element-32071a72 elementor-widget elementor-widget-heading\" data-id=\"32071a72\" data-element_type=\"widget\" data-e-type=\"widget\" data-widget_type=\"heading.default\">\n\t\t\t\t<div class=\"elementor-widget-container\">\n\t\t\t\t\t<h1 class=\"elementor-heading-title elementor-size-default\">Welches Modell eines GFK-Schwimmbeckens?<\/h1>\t\t\t\t<\/div>\n\t\t\t\t<\/div>\n\t\t\t\t<div class=\"elementor-element elementor-element-7a9973a3 elementor-widget elementor-widget-text-editor\" data-id=\"7a9973a3\" data-element_type=\"widget\" data-e-type=\"widget\" data-widget_type=\"text-editor.default\">\n\t\t\t\t<div class=\"elementor-widget-container\">\n\t\t\t\t\t\t\t\t\t<p><span style=\"font-weight: normal;\">Die Tipps von Piscines Provences Polyester<\/span><\/p>\t\t\t\t\t\t\t\t<\/div>\n\t\t\t\t<\/div>\n\t\t\t\t<\/div>\n\t\t\t\t\t<\/div>\n\t\t\t\t<\/div>\n\t\t<div class=\"elementor-element elementor-element-2686edd e-flex e-con-boxed wpr-particle-no wpr-jarallax-no wpr-parallax-no wpr-sticky-section-no wpr-equal-height-no e-con e-parent\" data-id=\"2686edd\" data-element_type=\"container\" data-e-type=\"container\">\n\t\t\t\t\t<div class=\"e-con-inner\">\n\t\t<div class=\"elementor-element elementor-element-8923d3a e-con-full e-flex wpr-particle-no wpr-jarallax-no wpr-parallax-no wpr-sticky-section-no wpr-equal-height-no e-con e-child\" data-id=\"8923d3a\" data-element_type=\"container\" data-e-type=\"container\">\n\t\t\t\t<div class=\"elementor-element elementor-element-9f6e557 elementor-widget elementor-widget-text-editor\" data-id=\"9f6e557\" data-element_type=\"widget\" data-e-type=\"widget\" data-widget_type=\"text-editor.default\">\n\t\t\t\t<div class=\"elementor-widget-container\">\n\t\t\t\t\t\t\t\t\t<p>Haben Sie sich f\u00fcr einen Swimmingpool in Ihrem Garten entschieden?<\/p><p class=\"translation-block\">Sind sich jedoch unsicher, welches Modell Sie w\u00e4hlen sollen? PPP-Swimmingpools hilft  Ihnen gerne dabei: Sie m\u00fcssen bestimmte Kriterien aber auch Ihre W\u00fcnsche und Einschr\u00e4nkungen ber\u00fccksichtigen.<\/p><p>Ein Schwimmbadprojekt, das all Ihren W\u00fcnschen entspricht.<\/p><p>Bei der Entwicklung Ihres Projekts m\u00fcssen Sie bestimmte Kriterien ber\u00fccksichtigen:<\/p><ul><li>Die Gegebenheiten Ihres Gartens<\/li><li>Das Budget<\/li><li>Ihre W\u00fcnsche<\/li><\/ul><p>Sie k\u00f6nnen ein Swimmingpool ausw\u00e4hlen, der Ihren W\u00fcnschen entspricht, Ihr Budget respektiert und perfekt in Ihren Garten passt. Beachten Sie dabei jedoch, das die Abmessungen Ihres Grundst\u00fcckes begrenzt sind und bestimmte Auflagen erf\u00fcllt werden m\u00fcssen.<\/p>\t\t\t\t\t\t\t\t<\/div>\n\t\t\t\t<\/div>\n\t\t\t\t<\/div>\n\t\t<div class=\"elementor-element elementor-element-7869c70 e-con-full e-flex wpr-particle-no wpr-jarallax-no wpr-parallax-no wpr-sticky-section-no wpr-equal-height-no e-con e-child\" data-id=\"7869c70\" data-element_type=\"container\" data-e-type=\"container\">\n\t\t\t\t<div class=\"elementor-element elementor-element-8104714 elementor-widget elementor-widget-image\" data-id=\"8104714\" data-element_type=\"widget\" data-e-type=\"widget\" data-widget_type=\"image.default\">\n\t\t\t\t<div class=\"elementor-widget-container\">\n\t\t\t\t\t\t\t\t\t\t\t\t\t\t\t<img fetchpriority=\"high\" decoding=\"async\" width=\"1536\" height=\"1017\" src=\"https:\/\/piscines-ppp.com\/wp-content\/uploads\/2024\/01\/Elipsa_800-1536x1017.webp\" class=\"attachment-1536x1536 size-1536x1536 wp-image-1387\" alt=\"\" srcset=\"https:\/\/piscines-ppp.com\/wp-content\/uploads\/2024\/01\/Elipsa_800-1536x1017.webp 1536w, https:\/\/piscines-ppp.com\/wp-content\/uploads\/2024\/01\/Elipsa_800-300x199.webp 300w, https:\/\/piscines-ppp.com\/wp-content\/uploads\/2024\/01\/Elipsa_800-1024x678.webp 1024w, https:\/\/piscines-ppp.com\/wp-content\/uploads\/2024\/01\/Elipsa_800-768x508.webp 768w, https:\/\/piscines-ppp.com\/wp-content\/uploads\/2024\/01\/Elipsa_800.webp 2000w\" sizes=\"(max-width: 1536px) 100vw, 1536px\" \/>\t\t\t\t\t\t\t\t\t\t\t\t\t\t\t<\/div>\n\t\t\t\t<\/div>\n\t\t\t\t<\/div>\n\t\t<div class=\"elementor-element elementor-element-b547963 e-con-full e-flex wpr-particle-no wpr-jarallax-no wpr-parallax-no wpr-sticky-section-no wpr-equal-height-no e-con e-child\" data-id=\"b547963\" data-element_type=\"container\" data-e-type=\"container\">\n\t\t\t\t<div class=\"elementor-element elementor-element-4674f17 elementor-widget elementor-widget-image\" data-id=\"4674f17\" data-element_type=\"widget\" data-e-type=\"widget\" data-widget_type=\"image.default\">\n\t\t\t\t<div class=\"elementor-widget-container\">\n\t\t\t\t\t\t\t\t\t\t\t\t\t\t\t<img decoding=\"async\" width=\"800\" height=\"600\" src=\"https:\/\/piscines-ppp.com\/wp-content\/uploads\/2024\/01\/BP_Palace_gordon_eco_p_2020-1024x768.webp\" class=\"attachment-large size-large wp-image-1388\" alt=\"\" srcset=\"https:\/\/piscines-ppp.com\/wp-content\/uploads\/2024\/01\/BP_Palace_gordon_eco_p_2020-1024x768.webp 1024w, https:\/\/piscines-ppp.com\/wp-content\/uploads\/2024\/01\/BP_Palace_gordon_eco_p_2020-300x225.webp 300w, https:\/\/piscines-ppp.com\/wp-content\/uploads\/2024\/01\/BP_Palace_gordon_eco_p_2020-768x576.webp 768w, https:\/\/piscines-ppp.com\/wp-content\/uploads\/2024\/01\/BP_Palace_gordon_eco_p_2020-1536x1152.webp 1536w, https:\/\/piscines-ppp.com\/wp-content\/uploads\/2024\/01\/BP_Palace_gordon_eco_p_2020.webp 2000w\" sizes=\"(max-width: 800px) 100vw, 800px\" \/>\t\t\t\t\t\t\t\t\t\t\t\t\t\t\t<\/div>\n\t\t\t\t<\/div>\n\t\t\t\t<\/div>\n\t\t<div class=\"elementor-element elementor-element-cc90111 e-con-full e-flex wpr-particle-no wpr-jarallax-no wpr-parallax-no wpr-sticky-section-no wpr-equal-height-no e-con e-child\" data-id=\"cc90111\" data-element_type=\"container\" data-e-type=\"container\">\n\t\t\t\t<div class=\"elementor-element elementor-element-ac75bae elementor-widget elementor-widget-heading\" data-id=\"ac75bae\" data-element_type=\"widget\" data-e-type=\"widget\" data-widget_type=\"heading.default\">\n\t\t\t\t<div class=\"elementor-widget-container\">\n\t\t\t\t\t<h2 class=\"elementor-heading-title elementor-size-default\">Piscine Provence Polyester unterst\u00fctzt Sie bei der Entwicklung Ihres Projekts<\/h2>\t\t\t\t<\/div>\n\t\t\t\t<\/div>\n\t\t\t\t<div class=\"elementor-element elementor-element-e395ce9 elementor-widget elementor-widget-text-editor\" data-id=\"e395ce9\" data-element_type=\"widget\" data-e-type=\"widget\" data-widget_type=\"text-editor.default\">\n\t\t\t\t<div class=\"elementor-widget-container\">\n\t\t\t\t\t\t\t\t\t<p>Unser professionelles Team stellt Ihnen sein Fachwissen zur Verf\u00fcgung:<\/p><p>Kontaktieren Sie uns, um uns von Ihrem Projekt zu berichten. Ein H\u00e4ndler aus unserem Netzwerk wird Ihnen ein Poolangebot erstellen, dass perfekt auf Ihre W\u00fcnsche und Einschr\u00e4nkungen abgestimmt ist.<\/p>\t\t\t\t\t\t\t\t<\/div>\n\t\t\t\t<\/div>\n\t\t\t\t<\/div>\n\t\t\t\t\t<\/div>\n\t\t\t\t<\/div>\n\t\t\t\t<\/div>","protected":false},"excerpt":{"rendered":"<p>Quel mod\u00e8le de piscine coque polyester ? Les conseils de Piscines Provences Polyester Vous \u00eates sur le point d\u2019acheter une piscine pour votre jardin ? Cependant, vous ne savez absolument pas vers quel mod\u00e8le vous diriger. Les Piscines PPP vont vous aider : il faut tenir compte de certains crit\u00e8res, mais aussi de vos envies et de vos contraintes. Un projet piscine adapt\u00e9 \u00e0 toutes vos envies Lors de l\u2019\u00e9laboration de votre projet, vous devez tenir compte de certains crit\u00e8res : Votre jardin : en fonction de sa taille et de sa forme, vous ne devrez\u00a0pas choisir le m\u00eame bassin Votre budget Vos envies Vous pourrez ainsi choisir une piscine adapt\u00e9e \u00e0 vos envies, mais qui respecte votre budget et qui s\u2019int\u00e8gre parfaitement dans votre jardin. Il est facile de r\u00eaver d\u2019une grande piscine, mais si les dimensions de votre terrain sont limit\u00e9es, le r\u00e9sultat ne sera pas \u00e0 la hauteur de vos attentes. Les Piscines PPP vous accompagnent dans l\u2019\u00e9laboration de votre projet Notre \u00e9quipe de professionnels met son expertise \u00e0 votre service : Contactez-nous pour nous exposer votre projet, un distributeur de notre r\u00e9seau vous \u00e9tablira un devis piscine parfaitement adapt\u00e9 \u00e0 vos envies et \u00e0 vos contraintes.<\/p>","protected":false},"author":1,"featured_media":0,"parent":0,"menu_order":0,"comment_status":"closed","ping_status":"closed","template":"","meta":{"_seopress_robots_primary_cat":"","_seopress_titles_title":"","_seopress_titles_desc":"","_seopress_robots_index":"","footnotes":""},"class_list":["post-1436","page","type-page","status-publish","hentry"],"_links":{"self":[{"href":"https:\/\/piscines-ppp.com\/de\/wp-json\/wp\/v2\/pages\/1436","targetHints":{"allow":["GET"]}}],"collection":[{"href":"https:\/\/piscines-ppp.com\/de\/wp-json\/wp\/v2\/pages"}],"about":[{"href":"https:\/\/piscines-ppp.com\/de\/wp-json\/wp\/v2\/types\/page"}],"author":[{"embeddable":true,"href":"https:\/\/piscines-ppp.com\/de\/wp-json\/wp\/v2\/users\/1"}],"replies":[{"embeddable":true,"href":"https:\/\/piscines-ppp.com\/de\/wp-json\/wp\/v2\/comments?post=1436"}],"version-history":[{"count":67,"href":"https:\/\/piscines-ppp.com\/de\/wp-json\/wp\/v2\/pages\/1436\/revisions"}],"predecessor-version":[{"id":3808,"href":"https:\/\/piscines-ppp.com\/de\/wp-json\/wp\/v2\/pages\/1436\/revisions\/3808"}],"wp:attachment":[{"href":"https:\/\/piscines-ppp.com\/de\/wp-json\/wp\/v2\/media?parent=1436"}],"curies":[{"name":"wp","href":"https:\/\/api.w.org\/{rel}","templated":true}]}}