{"id":1421,"date":"2024-01-04T12:53:46","date_gmt":"2024-01-04T12:53:46","guid":{"rendered":"http:\/\/piscines-ppp.com\/?page_id=1421"},"modified":"2026-03-30T19:47:27","modified_gmt":"2026-03-30T19:47:27","slug":"pourquoi-choisir-une-piscine-en-polyester","status":"publish","type":"page","link":"https:\/\/piscines-ppp.com\/de\/pourquoi-choisir-une-piscine-en-polyester\/","title":{"rendered":"Warum ein Polyester-Schwimmbecken w\u00e4hlen?"},"content":{"rendered":"<div data-elementor-type=\"wp-page\" data-elementor-id=\"1421\" class=\"elementor elementor-1421\" data-elementor-post-type=\"page\">\n\t\t\t\t<div class=\"elementor-element elementor-element-2644cab9 e-transform e-flex e-con-boxed wpr-particle-no wpr-jarallax-no wpr-parallax-no wpr-sticky-section-no wpr-equal-height-no e-con e-parent\" data-id=\"2644cab9\" data-element_type=\"container\" data-e-type=\"container\" data-settings=\"{&quot;background_background&quot;:&quot;classic&quot;,&quot;_transform_translateX_effect&quot;:{&quot;unit&quot;:&quot;px&quot;,&quot;size&quot;:&quot;&quot;,&quot;sizes&quot;:[]},&quot;_transform_translateX_effect_tablet&quot;:{&quot;unit&quot;:&quot;px&quot;,&quot;size&quot;:&quot;&quot;,&quot;sizes&quot;:[]},&quot;_transform_translateX_effect_mobile&quot;:{&quot;unit&quot;:&quot;px&quot;,&quot;size&quot;:&quot;&quot;,&quot;sizes&quot;:[]},&quot;_transform_translateY_effect&quot;:{&quot;unit&quot;:&quot;px&quot;,&quot;size&quot;:&quot;&quot;,&quot;sizes&quot;:[]},&quot;_transform_translateY_effect_tablet&quot;:{&quot;unit&quot;:&quot;px&quot;,&quot;size&quot;:&quot;&quot;,&quot;sizes&quot;:[]},&quot;_transform_translateY_effect_mobile&quot;:{&quot;unit&quot;:&quot;px&quot;,&quot;size&quot;:&quot;&quot;,&quot;sizes&quot;:[]}}\">\n\t\t\t\t\t<div class=\"e-con-inner\">\n\t\t<div class=\"elementor-element elementor-element-677a05a e-con-full animated-slow e-flex wpr-particle-no wpr-jarallax-no wpr-parallax-no wpr-sticky-section-no wpr-equal-height-no elementor-invisible e-con e-child\" data-id=\"677a05a\" data-element_type=\"container\" data-e-type=\"container\" data-settings=\"{&quot;background_background&quot;:&quot;classic&quot;,&quot;animation&quot;:&quot;fadeInUp&quot;,&quot;animation_delay&quot;:400}\">\n\t\t\t\t<div class=\"elementor-element elementor-element-4434a857 elementor-widget elementor-widget-heading\" data-id=\"4434a857\" data-element_type=\"widget\" data-e-type=\"widget\" data-widget_type=\"heading.default\">\n\t\t\t\t<div class=\"elementor-widget-container\">\n\t\t\t\t\t<h1 class=\"elementor-heading-title elementor-size-default\">Warum ein Polyester-Schwimmbecken w\u00e4hlen?<\/h1>\t\t\t\t<\/div>\n\t\t\t\t<\/div>\n\t\t\t\t<div class=\"elementor-element elementor-element-396ac951 elementor-widget elementor-widget-text-editor\" data-id=\"396ac951\" data-element_type=\"widget\" data-e-type=\"widget\" data-widget_type=\"text-editor.default\">\n\t\t\t\t<div class=\"elementor-widget-container\">\n\t\t\t\t\t\t\t\t\t<p><span style=\"font-weight: normal;\">Die Tipps von Piscines Provences Polyester<\/span><\/p>\t\t\t\t\t\t\t\t<\/div>\n\t\t\t\t<\/div>\n\t\t\t\t<\/div>\n\t\t\t\t\t<\/div>\n\t\t\t\t<\/div>\n\t\t<div class=\"elementor-element elementor-element-b4909ff e-flex e-con-boxed wpr-particle-no wpr-jarallax-no wpr-parallax-no wpr-sticky-section-no wpr-equal-height-no e-con e-parent\" data-id=\"b4909ff\" data-element_type=\"container\" data-e-type=\"container\">\n\t\t\t\t\t<div class=\"e-con-inner\">\n\t\t<div class=\"elementor-element elementor-element-a6eb37a e-con-full e-flex wpr-particle-no wpr-jarallax-no wpr-parallax-no wpr-sticky-section-no wpr-equal-height-no e-con e-child\" data-id=\"a6eb37a\" data-element_type=\"container\" data-e-type=\"container\">\n\t\t\t\t<div class=\"elementor-element elementor-element-cc309b9 elementor-widget elementor-widget-text-editor\" data-id=\"cc309b9\" data-element_type=\"widget\" data-e-type=\"widget\" data-widget_type=\"text-editor.default\">\n\t\t\t\t<div class=\"elementor-widget-container\">\n\t\t\t\t\t\t\t\t\t<p>M\u00f6chten Sie in Ihrem Garten einen Swimmingpool installieren, damit Ihre ganze Familie im Sommer den Badespa\u00df genie\u00dfen kann?<\/p>\n<p>Nachdem Sie sich f\u00fcr ein Becken entschieden haben, m\u00fcssen Sie sich das f\u00fcr Sie am besten  in Ihren Garten passende Modell ausw\u00e4hlen: Wir laden Sie herzlich dazu ein, die vielen Vorteile des Polyester-Schwimmbeckens zu entdecken.<br><br><\/p>\n<p><strong>Die Vorteile eines Schwimmbad-Sets:<\/strong><\/p>\n<p>Der Polyester-Schalenpool hat viele Vorteile:<\/p>\n<ul>\n<li>Das Preis-Leistungs-Verh\u00e4ltnis ist unschlagbar<\/li>\n<li>Es ist robust und langlebig<\/li>\n<li>Es ist leicht zu reinigen und zu pflegen<\/li>\n<li>Eine schnelle Installation durch Fachbetriebe<\/li>\n<li>Sie haben die Wahl zwischen vielen Ma\u00dfen und einer gro\u00dfen Modellvielfalt<\/li>\n<li>Sie l\u00e4sst sich leicht an Ihre Bed\u00fcrfnisse anpassen: Treppe, Sitzbank usw.<\/li>\n<\/ul>\t\t\t\t\t\t\t\t<\/div>\n\t\t\t\t<\/div>\n\t\t\t\t<\/div>\n\t\t<div class=\"elementor-element elementor-element-af98df7 e-con-full e-flex wpr-particle-no wpr-jarallax-no wpr-parallax-no wpr-sticky-section-no wpr-equal-height-no e-con e-child\" data-id=\"af98df7\" data-element_type=\"container\" data-e-type=\"container\">\n\t\t\t\t<div class=\"elementor-element elementor-element-8910158 elementor-widget elementor-widget-image\" data-id=\"8910158\" data-element_type=\"widget\" data-e-type=\"widget\" data-widget_type=\"image.default\">\n\t\t\t\t<div class=\"elementor-widget-container\">\n\t\t\t\t\t\t\t\t\t\t\t\t\t\t\t<img fetchpriority=\"high\" decoding=\"async\" width=\"800\" height=\"1066\" src=\"https:\/\/piscines-ppp.com\/wp-content\/uploads\/2024\/01\/avantage-piscine.webp\" class=\"attachment-full size-full wp-image-1384\" alt=\"\" srcset=\"https:\/\/piscines-ppp.com\/wp-content\/uploads\/2024\/01\/avantage-piscine.webp 800w, https:\/\/piscines-ppp.com\/wp-content\/uploads\/2024\/01\/avantage-piscine-225x300.webp 225w, https:\/\/piscines-ppp.com\/wp-content\/uploads\/2024\/01\/avantage-piscine-768x1023.webp 768w\" sizes=\"(max-width: 800px) 100vw, 800px\" \/>\t\t\t\t\t\t\t\t\t\t\t\t\t\t\t<\/div>\n\t\t\t\t<\/div>\n\t\t\t\t<\/div>\n\t\t\t\t\t<\/div>\n\t\t\t\t<\/div>\n\t\t<div class=\"elementor-element elementor-element-3081b01 e-flex e-con-boxed wpr-particle-no wpr-jarallax-no wpr-parallax-no wpr-sticky-section-no wpr-equal-height-no e-con e-parent\" data-id=\"3081b01\" data-element_type=\"container\" data-e-type=\"container\">\n\t\t\t\t\t<div class=\"e-con-inner\">\n\t\t<div class=\"elementor-element elementor-element-668ed83 e-con-full e-flex wpr-particle-no wpr-jarallax-no wpr-parallax-no wpr-sticky-section-no wpr-equal-height-no e-con e-child\" data-id=\"668ed83\" data-element_type=\"container\" data-e-type=\"container\">\n\t\t\t\t<div class=\"elementor-element elementor-element-ed19c30 elementor-widget elementor-widget-image\" data-id=\"ed19c30\" data-element_type=\"widget\" data-e-type=\"widget\" data-widget_type=\"image.default\">\n\t\t\t\t<div class=\"elementor-widget-container\">\n\t\t\t\t\t\t\t\t\t\t\t\t\t\t\t<img decoding=\"async\" width=\"1150\" height=\"662\" src=\"https:\/\/piscines-ppp.com\/wp-content\/uploads\/2024\/01\/construction-piscine.webp\" class=\"attachment-full size-full wp-image-1385\" alt=\"\" srcset=\"https:\/\/piscines-ppp.com\/wp-content\/uploads\/2024\/01\/construction-piscine.webp 1150w, https:\/\/piscines-ppp.com\/wp-content\/uploads\/2024\/01\/construction-piscine-300x173.webp 300w, https:\/\/piscines-ppp.com\/wp-content\/uploads\/2024\/01\/construction-piscine-1024x589.webp 1024w, https:\/\/piscines-ppp.com\/wp-content\/uploads\/2024\/01\/construction-piscine-768x442.webp 768w\" sizes=\"(max-width: 1150px) 100vw, 1150px\" \/>\t\t\t\t\t\t\t\t\t\t\t\t\t\t\t<\/div>\n\t\t\t\t<\/div>\n\t\t\t\t<\/div>\n\t\t<div class=\"elementor-element elementor-element-7fd33ec e-con-full e-flex wpr-particle-no wpr-jarallax-no wpr-parallax-no wpr-sticky-section-no wpr-equal-height-no e-con e-child\" data-id=\"7fd33ec\" data-element_type=\"container\" data-e-type=\"container\">\n\t\t\t\t<div class=\"elementor-element elementor-element-1713557 elementor-widget elementor-widget-heading\" data-id=\"1713557\" data-element_type=\"widget\" data-e-type=\"widget\" data-widget_type=\"heading.default\">\n\t\t\t\t<div class=\"elementor-widget-container\">\n\t\t\t\t\t<h2 class=\"elementor-heading-title elementor-size-default\">Lassen Sie ein Polyester-Schwimmbecken bauen\n<\/h2>\t\t\t\t<\/div>\n\t\t\t\t<\/div>\n\t\t\t\t<div class=\"elementor-element elementor-element-287afb7 elementor-widget elementor-widget-text-editor\" data-id=\"287afb7\" data-element_type=\"widget\" data-e-type=\"widget\" data-widget_type=\"text-editor.default\">\n\t\t\t\t<div class=\"elementor-widget-container\">\n\t\t\t\t\t\t\t\t\t<p>Aufgrund unseren vielen, verschiedenen M\u00f6glichkeiten an GFK- Becken- Produktionen werden Sie bestimmt f\u00fcndig!\u00a0<\/p><p class=\"translation-block\">Sobald Sie ein f\u00fcr sich interessantes Schwimmbadmodell ausgew\u00e4hlt haben, k\u00f6nnen unsere H\u00e4ndler Ihnen ein Angebot erstellen und sich um die Installation Ihres Schwimmbades in Ihrem Garten k\u00fcmmern.<\/p><p>Sie werden es schnellst m\u00f6glich mit Ihrer ganzen Familie genie\u00dfen k\u00f6nnen: Ihr Schwimmbad sei damit also bereit f\u00fcr den Sommer!<\/p>\t\t\t\t\t\t\t\t<\/div>\n\t\t\t\t<\/div>\n\t\t\t\t<\/div>\n\t\t\t\t\t<\/div>\n\t\t\t\t<\/div>\n\t\t\t\t<\/div>","protected":false},"excerpt":{"rendered":"<p>Pourquoi choisir une piscine en polyester ? Les conseils de Piscines Provences Polyester Vous souhaitez faire installer une piscine dans votre jardin pour que toute votre famille puisse profiter des joies de la baignade pendant l\u2019\u00e9t\u00e9 ? Maintenant que vous \u00eates d\u00e9cid\u00e9, vous devez choisir avec soin le mod\u00e8le qui s\u2019int\u00e9grera le mieux dans votre jardin : nous vous invitons \u00e0 d\u00e9couvrir les nombreux avantages de la piscine coque polyester. Les avantages d&rsquo;une piscine en kit : La piscine coque polyester poss\u00e8de de nombreux avantages&nbsp;: Son rapport qualit\u00e9\/prix est imbattable Elle est solide et durable Elle est facile \u00e0 nettoyer et \u00e0 entretenir Elle est rapide \u00e0 installer lorsque les professionnels s\u2019en chargent Vous avez le choix entre de nombreuses dimensions et une grande vari\u00e9t\u00e9 de mod\u00e8les Elle est facile \u00e0 personnaliser en fonction de vos besoins&nbsp;: escalier, banquette, etc. Faites construire une piscine en polyester Vous trouverez forc\u00e9ment votre bonheur parmi nos diff\u00e9rentes gammes de piscines en coque polyester.\u00a0 Une fois le mod\u00e8le de piscine PPP qui vous int\u00e9resse s\u00e9lectionn\u00e9, nos distributeurs pourront vous \u00e9tablir un devis et s\u2019occuper de l\u2018installation de votre piscine dans votre jardin.\u00a0 Vous pourrez rapidement en profiter avec toute votre famille : votre piscine sera pr\u00eate pour l\u2019\u00e9t\u00e9 !<\/p>","protected":false},"author":1,"featured_media":0,"parent":0,"menu_order":0,"comment_status":"closed","ping_status":"closed","template":"","meta":{"_seopress_robots_primary_cat":"","_seopress_titles_title":"","_seopress_titles_desc":"","_seopress_robots_index":"","footnotes":""},"class_list":["post-1421","page","type-page","status-publish","hentry"],"_links":{"self":[{"href":"https:\/\/piscines-ppp.com\/de\/wp-json\/wp\/v2\/pages\/1421","targetHints":{"allow":["GET"]}}],"collection":[{"href":"https:\/\/piscines-ppp.com\/de\/wp-json\/wp\/v2\/pages"}],"about":[{"href":"https:\/\/piscines-ppp.com\/de\/wp-json\/wp\/v2\/types\/page"}],"author":[{"embeddable":true,"href":"https:\/\/piscines-ppp.com\/de\/wp-json\/wp\/v2\/users\/1"}],"replies":[{"embeddable":true,"href":"https:\/\/piscines-ppp.com\/de\/wp-json\/wp\/v2\/comments?post=1421"}],"version-history":[{"count":37,"href":"https:\/\/piscines-ppp.com\/de\/wp-json\/wp\/v2\/pages\/1421\/revisions"}],"predecessor-version":[{"id":3796,"href":"https:\/\/piscines-ppp.com\/de\/wp-json\/wp\/v2\/pages\/1421\/revisions\/3796"}],"wp:attachment":[{"href":"https:\/\/piscines-ppp.com\/de\/wp-json\/wp\/v2\/media?parent=1421"}],"curies":[{"name":"wp","href":"https:\/\/api.w.org\/{rel}","templated":true}]}}